{"id":8003,"date":"2023-03-01T17:41:45","date_gmt":"2023-03-01T14:41:45","guid":{"rendered":"https:\/\/worknhuman.com\/?post_type=product&#038;p=8003"},"modified":"2025-11-07T22:06:41","modified_gmt":"2025-11-07T19:06:41","slug":"wellbeing-iyi-olus-stratejileri-egitimi","status":"publish","type":"product","link":"https:\/\/worknhuman.com\/en\/product\/wellbeing-strategies-education\/","title":{"rendered":"Wellbeing \/ Well-Being Strategies Training"},"content":{"rendered":"<figure class=\"wp-block-image size-large\"><img fetchpriority=\"high\" decoding=\"async\" width=\"1024\" height=\"904\" src=\"https:\/\/worknhuman.com\/wp-content\/uploads\/2023\/01\/Wellbeing-Iyi-Olus-Stratejileri--1024x904.png\" alt=\"\" class=\"wp-image-6419\" srcset=\"https:\/\/worknhuman.com\/wp-content\/uploads\/2023\/01\/Wellbeing-Iyi-Olus-Stratejileri--1024x904.png 1024w, https:\/\/worknhuman.com\/wp-content\/uploads\/2023\/01\/Wellbeing-Iyi-Olus-Stratejileri--300x265.png 300w, https:\/\/worknhuman.com\/wp-content\/uploads\/2023\/01\/Wellbeing-Iyi-Olus-Stratejileri--768x678.png 768w, https:\/\/worknhuman.com\/wp-content\/uploads\/2023\/01\/Wellbeing-Iyi-Olus-Stratejileri--1536x1357.png 1536w, https:\/\/worknhuman.com\/wp-content\/uploads\/2023\/01\/Wellbeing-Iyi-Olus-Stratejileri--600x530.png 600w, https:\/\/worknhuman.com\/wp-content\/uploads\/2023\/01\/Wellbeing-Iyi-Olus-Stratejileri--100x88.png 100w, https:\/\/worknhuman.com\/wp-content\/uploads\/2023\/01\/Wellbeing-Iyi-Olus-Stratejileri--14x12.png 14w, https:\/\/worknhuman.com\/wp-content\/uploads\/2023\/01\/Wellbeing-Iyi-Olus-Stratejileri--400x354.png 400w, https:\/\/worknhuman.com\/wp-content\/uploads\/2023\/01\/Wellbeing-Iyi-Olus-Stratejileri-.png 1713w\" sizes=\"(max-width: 1024px) 100vw, 1024px\" \/><\/figure>\n\n\n<h1><strong class=\"x-el x-el-span c1-8x c1-1i c1-b c1-8y c1-3o c1-4z c1-8z\">Key Practices and Strategies for Well-Being at Work.<\/strong><\/h1>\n<\/p>\n<h2>What is Wellbeing at Work:&nbsp;<\/h2>\n<p><span style=\"font-weight: 400;\">\u0130\u015f yerinde iyi olu\u015f (wellbeing) \u00e7al\u0131\u015fanlar\u0131n i\u015fiyle ilgili fiziksel, zihinsel, sosyal ve bili\u015fsel ihtiya\u00e7 ve beklentilerinin kar\u015f\u0131lanmas\u0131d\u0131r.&nbsp;<\/span><\/p>\n<h2><strong>What is Wellbeing Strategies Training at Work:<\/strong><span style=\"font-weight: 400;\">&nbsp;<\/span><\/h2>\n<p><span style=\"font-weight: 400;\">Workplace well-being strategies training has been prepared in order to be able to comprehend the strategies for mental health and well-being at work and working life with different dimensions and to show the application methods. Managers, human resources professionals, occupational health and safety professionals, all managers and employees who want to gain gains in wellbeing, and anyone who wants to develop in this field can attend the training.<\/span><\/p>\n<h2><b>What will you learn?<\/b><\/h2>\n<ul>\n<li style=\"font-weight: 400;\" aria-level=\"1\"><span style=\"font-weight: 400;\">You will have basic information about Wellbeing and learn about individual wellbeing strategies.<\/span><\/li>\n<li style=\"font-weight: 400;\" aria-level=\"1\"><span style=\"font-weight: 400;\">You will gain an understanding of organizational intervention strategies at work and the current needs for implementing these strategies in your workplace.<\/span><\/li>\n<li style=\"font-weight: 400;\" aria-level=\"1\"><span style=\"font-weight: 400;\">You will acquire basic knowledge of the methods necessary for the implementation of strategies for mental health and well-being in working life.<\/span><\/li>\n<\/ul>\n<h2><b>Who Can Benefit?<\/b><\/h2>\n<p><span style=\"font-weight: 400;\">This training is suitable for managers, human resources professionals, occupational health and safety professionals, all managers and employees who want to gain gains in wellbeing, and anyone who wants to develop in this field.<\/span><\/p>\n<h2><b>Certificate<\/b><\/h2>\n<p><span style=\"font-weight: 400;\">Approved when you complete sections and tests <\/span><b>Wellbeing\/Wellbeing Strategies Training<\/b><span style=\"font-weight: 400;\"> You will be entitled to receive your certificate of completion online.<\/span><\/p>\n\n\n<figure class=\"wp-block-image size-large\"><img decoding=\"async\" src=\"https:\/\/worknhuman.com\/wp-content\/uploads\/2022\/09\/16-1-1024x768.jpg\" alt=\"\" class=\"wp-image-3832\"\/><\/figure>\n\n\n\n<div class=\"wp-block-buttons is-layout-flex wp-block-buttons-is-layout-flex\">\n<div class=\"wp-block-button\"><a class=\"wp-block-button__link has-title-color has-primary-background-color has-text-color has-background has-link-color wp-element-button\" href=\"https:\/\/worknhuman.com\/en\/product\/wellbeing-iyi-olus-stratejileri-egitimi-2\/\">E\u011fitimi Hediye Et<\/a><\/div>\n<\/div>","protected":false},"excerpt":{"rendered":"<p>\u0130\u015f Yerinde \u0130yi Olu\u015f \u0130\u00e7in Temel Uygulamalar ve Stratejiler. \u0130\u015f Yerinde \u0130yi Olu\u015f (Wellbeing) Nedir:&nbsp; \u0130\u015f yerinde iyi olu\u015f (wellbeing) \u00e7al\u0131\u015fanlar\u0131n i\u015fiyle ilgili fiziksel, zihinsel, sosyal ve bili\u015fsel ihtiya\u00e7 ve &hellip; <\/p>","protected":false},"featured_media":6419,"template":"","meta":[],"product_brand":[],"product_cat":[550],"product_tag":[494,495,496,497,498],"class_list":{"0":"post-8003","1":"product","2":"type-product","3":"status-publish","4":"has-post-thumbnail","6":"product_cat-turkce","7":"product_tag-is-stresiyle-basa-cikma","8":"product_tag-is-yasaminda-ruh-sagligi","9":"product_tag-is-yerinde-wellbeing","10":"product_tag-iyi-olus","11":"product_tag-stratejiler","13":"first","14":"instock","15":"virtual","16":"sold-individually","17":"taxable","18":"purchasable","19":"product-type-simple"},"_links":{"self":[{"href":"https:\/\/worknhuman.com\/en\/wp-json\/wp\/v2\/product\/8003","targetHints":{"allow":["GET"]}}],"collection":[{"href":"https:\/\/worknhuman.com\/en\/wp-json\/wp\/v2\/product"}],"about":[{"href":"https:\/\/worknhuman.com\/en\/wp-json\/wp\/v2\/types\/product"}],"wp:featuredmedia":[{"embeddable":true,"href":"https:\/\/worknhuman.com\/en\/wp-json\/wp\/v2\/media\/6419"}],"wp:attachment":[{"href":"https:\/\/worknhuman.com\/en\/wp-json\/wp\/v2\/media?parent=8003"}],"wp:term":[{"taxonomy":"product_brand","embeddable":true,"href":"https:\/\/worknhuman.com\/en\/wp-json\/wp\/v2\/product_brand?post=8003"},{"taxonomy":"product_cat","embeddable":true,"href":"https:\/\/worknhuman.com\/en\/wp-json\/wp\/v2\/product_cat?post=8003"},{"taxonomy":"product_tag","embeddable":true,"href":"https:\/\/worknhuman.com\/en\/wp-json\/wp\/v2\/product_tag?post=8003"}],"curies":[{"name":"wp","href":"https:\/\/api.w.org\/{rel}","templated":true}]}}