{"id":7997,"date":"2023-03-01T17:41:53","date_gmt":"2023-03-01T14:41:53","guid":{"rendered":"https:\/\/worknhuman.com\/?post_type=product&#038;p=7997"},"modified":"2025-11-07T22:08:47","modified_gmt":"2025-11-07T19:08:47","slug":"is-yerinde-kusaklar-arasi-cesitliligin-yonetimi-egitimi","status":"publish","type":"product","link":"https:\/\/worknhuman.com\/en\/product\/management-education-inter-generational-diversity-at-work\/","title":{"rendered":"Training on Management of Intergenerational Diversity in the Workplace"},"content":{"rendered":"<figure class=\"wp-block-image size-large is-resized\"><img fetchpriority=\"high\" decoding=\"async\" width=\"708\" height=\"625\" src=\"https:\/\/worknhuman.com\/wp-content\/uploads\/2023\/02\/Ekran-Resmi-2023-01-13-16.25.43-e1673616673311-edited.png\" alt=\"\" class=\"wp-image-6731\" style=\"width:902px;height:796px\" srcset=\"https:\/\/worknhuman.com\/wp-content\/uploads\/2023\/02\/Ekran-Resmi-2023-01-13-16.25.43-e1673616673311-edited.png 708w, https:\/\/worknhuman.com\/wp-content\/uploads\/2023\/02\/Ekran-Resmi-2023-01-13-16.25.43-e1673616673311-edited-300x265.png 300w, https:\/\/worknhuman.com\/wp-content\/uploads\/2023\/02\/Ekran-Resmi-2023-01-13-16.25.43-e1673616673311-edited-600x530.png 600w, https:\/\/worknhuman.com\/wp-content\/uploads\/2023\/02\/Ekran-Resmi-2023-01-13-16.25.43-e1673616673311-edited-100x88.png 100w, https:\/\/worknhuman.com\/wp-content\/uploads\/2023\/02\/Ekran-Resmi-2023-01-13-16.25.43-e1673616673311-edited-14x12.png 14w, https:\/\/worknhuman.com\/wp-content\/uploads\/2023\/02\/Ekran-Resmi-2023-01-13-16.25.43-e1673616673311-edited-400x354.png 400w\" sizes=\"(max-width: 708px) 100vw, 708px\" \/><\/figure>\n\n\n\n<h2 class=\"wp-block-heading\"><strong>\u0130\u015f Yerinde Ku\u015faklar Aras\u0131 \u00c7e\u015fitlili\u011fin Y\u00f6netimi (Turkish)<\/strong> What is Education?<\/h2>\n\n\n\n<p>Today, various generations actively participating in business life have different values. Intergenerational diversity management training; explains the advantages of coexistence of employees of these generations with different values, how to create a positive work culture and how to manage intergenerational diversity with cases and solution suggestions.<\/p>\n\n\n<figure class=\"wp-block-image size-large\"><\/figure>\n<h2><strong>What will you learn?<\/strong><\/h2>\n<ul>\n<li>Generational differences and similarities.<\/li>\n<li>Achievements in the management of intergenerational diversity in the workplace.<\/li>\n<li>Models for age management in human resources.<\/li>\n<li>Recommendations for a workplace that is inclusive of age diversity.<\/li>\n<\/ul>\n<h2><strong>Who Can Benefit?<\/strong><\/h2>\n<p>Human resources professionals, managers and all employees who want to gain personal gain in psychological health and safety.<\/p>\n<h2><strong>Certificate&nbsp;<\/strong><\/h2>\n<p>Approved when you complete sections and tests <strong>Intergenerational Diversity Management in the Workplace&nbsp;<\/strong>You will be entitled to receive your certificate online.<\/p>\n\n\n<figure class=\"wp-block-image size-large\"><img decoding=\"async\" width=\"1024\" height=\"768\" src=\"https:\/\/worknhuman.com\/wp-content\/uploads\/2022\/09\/15-2-1024x768.jpg\" alt=\"\" class=\"wp-image-3831\" srcset=\"https:\/\/worknhuman.com\/wp-content\/uploads\/2022\/09\/15-2-1024x768.jpg 1024w, https:\/\/worknhuman.com\/wp-content\/uploads\/2022\/09\/15-2-300x225.jpg 300w, https:\/\/worknhuman.com\/wp-content\/uploads\/2022\/09\/15-2-768x576.jpg 768w, https:\/\/worknhuman.com\/wp-content\/uploads\/2022\/09\/15-2-600x450.jpg 600w, https:\/\/worknhuman.com\/wp-content\/uploads\/2022\/09\/15-2-100x75.jpg 100w, https:\/\/worknhuman.com\/wp-content\/uploads\/2022\/09\/15-2-400x300.jpg 400w, https:\/\/worknhuman.com\/wp-content\/uploads\/2022\/09\/15-2-16x12.jpg 16w, https:\/\/worknhuman.com\/wp-content\/uploads\/2022\/09\/15-2.jpg 1536w\" sizes=\"(max-width: 1024px) 100vw, 1024px\" \/><\/figure>\n\n\n\n<p><\/p>\n\n\n\n<div class=\"wp-block-buttons is-layout-flex wp-block-buttons-is-layout-flex\">\n<div class=\"wp-block-button\"><a class=\"wp-block-button__link has-title-color has-primary-background-color has-text-color has-background has-link-color wp-element-button\" href=\"https:\/\/worknhuman.com\/en\/product\/is-yerinde-kusaklar-arasi-cesitliligin-yonetimi-egitimi-2\/\">E\u011fitimi Hediye Et<\/a><\/div>\n<\/div>","protected":false},"excerpt":{"rendered":"<p>What is Intergenerational Diversity Management Training in the Workplace? Today, various generations actively participating in business life have different values. Intergenerational diversity management training; Employees belonging to these generations with different values \u2026 <\/p>","protected":false},"featured_media":6427,"template":"","meta":[],"product_brand":[],"product_cat":[550],"product_tag":[483,484,485,486],"class_list":{"0":"post-7997","1":"product","2":"type-product","3":"status-publish","4":"has-post-thumbnail","6":"product_cat-turkce","7":"product_tag-cesitlilik-egitimi","8":"product_tag-cesitlilik-yonetimi","9":"product_tag-is-yeri","10":"product_tag-kusaklararasi-cesitlilik","12":"first","13":"instock","14":"virtual","15":"sold-individually","16":"taxable","17":"purchasable","18":"product-type-simple"},"_links":{"self":[{"href":"https:\/\/worknhuman.com\/en\/wp-json\/wp\/v2\/product\/7997","targetHints":{"allow":["GET"]}}],"collection":[{"href":"https:\/\/worknhuman.com\/en\/wp-json\/wp\/v2\/product"}],"about":[{"href":"https:\/\/worknhuman.com\/en\/wp-json\/wp\/v2\/types\/product"}],"wp:featuredmedia":[{"embeddable":true,"href":"https:\/\/worknhuman.com\/en\/wp-json\/wp\/v2\/media\/6427"}],"wp:attachment":[{"href":"https:\/\/worknhuman.com\/en\/wp-json\/wp\/v2\/media?parent=7997"}],"wp:term":[{"taxonomy":"product_brand","embeddable":true,"href":"https:\/\/worknhuman.com\/en\/wp-json\/wp\/v2\/product_brand?post=7997"},{"taxonomy":"product_cat","embeddable":true,"href":"https:\/\/worknhuman.com\/en\/wp-json\/wp\/v2\/product_cat?post=7997"},{"taxonomy":"product_tag","embeddable":true,"href":"https:\/\/worknhuman.com\/en\/wp-json\/wp\/v2\/product_tag?post=7997"}],"curies":[{"name":"wp","href":"https:\/\/api.w.org\/{rel}","templated":true}]}}