{"id":13834,"date":"2024-04-25T08:43:18","date_gmt":"2024-04-25T05:43:23","guid":{"rendered":"https:\/\/worknhuman.com\/?post_type=product&#038;p=13834"},"modified":"2025-11-07T22:39:16","modified_gmt":"2025-11-07T19:39:16","slug":"kariyer-gelisimi-psikososyal-riskler-alt-boyutlari-egitimi","status":"publish","type":"product","link":"https:\/\/worknhuman.com\/en\/product\/kariyer-gelisimi-psikososyal-riskler-alt-boyutlari-egitimi\/","title":{"rendered":"Kariyer Geli\u015fimi \u201cPsikososyal Riskler Alt Boyutlar\u0131\u201d E\u011fitimi"},"content":{"rendered":"<figure class=\"wp-block-image size-large\"><img fetchpriority=\"high\" decoding=\"async\" width=\"1024\" height=\"904\" src=\"https:\/\/worknhuman.com\/wp-content\/uploads\/2024\/04\/kariyergelisimielearning-1024x904.jpg\" alt=\"\" class=\"wp-image-13831\" srcset=\"https:\/\/worknhuman.com\/wp-content\/uploads\/2024\/04\/kariyergelisimielearning-1024x904.jpg 1024w, https:\/\/worknhuman.com\/wp-content\/uploads\/2024\/04\/kariyergelisimielearning-300x265.jpg 300w, https:\/\/worknhuman.com\/wp-content\/uploads\/2024\/04\/kariyergelisimielearning-768x678.jpg 768w, https:\/\/worknhuman.com\/wp-content\/uploads\/2024\/04\/kariyergelisimielearning-1536x1357.jpg 1536w, https:\/\/worknhuman.com\/wp-content\/uploads\/2024\/04\/kariyergelisimielearning-2048x1809.jpg 2048w, https:\/\/worknhuman.com\/wp-content\/uploads\/2024\/04\/kariyergelisimielearning-14x12.jpg 14w, https:\/\/worknhuman.com\/wp-content\/uploads\/2024\/04\/kariyergelisimielearning-scaled-600x530.jpg 600w, https:\/\/worknhuman.com\/wp-content\/uploads\/2024\/04\/kariyergelisimielearning-100x88.jpg 100w, https:\/\/worknhuman.com\/wp-content\/uploads\/2024\/04\/kariyergelisimielearning-scaled-400x354.jpg 400w\" sizes=\"(max-width: 1024px) 100vw, 1024px\" \/><\/figure>\n\n\n\n<h2 class=\"wp-block-heading\"><strong>Kariyer Geli\u015fimi Nedir?<\/strong><\/h2>\n\n\n\n<p>Kariyer geli\u015fimi, bir bireyin i\u015f ya\u015fam\u0131nda ilerlemesi, yeteneklerini geli\u015ftirmesi, hedeflerini belirlemesi ve bunlar\u0131 ger\u00e7ekle\u015ftirmesi s\u00fcrecidir. Bu s\u00fcre\u00e7, genellikle e\u011fitim, deneyim kazanma, beceri geli\u015ftirme, a\u011f kurma ve ki\u015fisel geli\u015fim gibi bir dizi faaliyeti i\u00e7erir. Kariyer geli\u015fimi genellikle bireyin kariyer planlama, hedeflerini belirleme, uygun i\u015f f\u0131rsatlar\u0131n\u0131 ara\u015ft\u0131rma ve gerekli ad\u0131mlar\u0131 atma becerilerini i\u00e7erir. Ayr\u0131ca, bir ki\u015finin kariyerinin farkl\u0131 a\u015famalar\u0131nda kar\u015f\u0131la\u015fabilece\u011fi engelleri a\u015fma ve de\u011fi\u015fen i\u015f d\u00fcnyas\u0131na uyum sa\u011flama yetene\u011fi de kariyer geli\u015fiminin \u00f6nemli bir par\u00e7as\u0131d\u0131r. Kariyer geli\u015fimi s\u00fcreci, bireyin profesyonel hedeflerine ula\u015fmas\u0131na yard\u0131mc\u0131 olurken, ayn\u0131 zamanda ki\u015fisel tatmini art\u0131rabilir ve i\u015f ya\u015fam\u0131ndaki ba\u015far\u0131y\u0131 te\u015fvik edebilir.<\/p>\n\n\n\n<h2 class=\"wp-block-heading\"><strong>Psikososyal Risk Alt Boyutu Olarak Kariyer Geli\u015fimi E\u011fitimi Nedir?<\/strong><\/h2>\n\n\n\n<p>Psikososyal Risk Alt Boyutu Olarak Kariyer Geli\u015fimi E\u011fitimi, y\u00f6neticilerin ve \u00e7al\u0131\u015fanlar\u0131n kariyer geli\u015fimi hakk\u0131nda bilgi sahibi olmalar\u0131na y\u00f6nelik haz\u0131rlanan bir e\u011fitim program\u0131d\u0131r. Bu e\u011fitim, \u00e7al\u0131\u015fanlar\u0131n, kariyer geli\u015fimlerini nas\u0131l art\u0131rabileceklerine dair bir rehber olmas\u0131 amac\u0131yla haz\u0131rlanm\u0131\u015ft\u0131r. E\u011fitim, kariyer geli\u015fimi tarih\u00e7esini, kariyer geli\u015fim s\u00fcre\u00e7lerini ve teorilerini, kariyer geli\u015fimini art\u0131rmaya y\u00f6nelik eylem planlar\u0131n\u0131 i\u00e7ermektedir. Bu e\u011fitimde Kariyer Geli\u015fimi kavram\u0131, psikososyal riskler alt boyutu oda\u011f\u0131nda ele al\u0131nm\u0131\u015ft\u0131r.<\/p>\n\n\n\n<h2 class=\"wp-block-heading\"><strong>What will you learn?<\/strong><\/h2>\n\n\n\n<p>Kariyer Geli\u015fimi ile ilgili kavramlar\u0131,<\/p>\n\n\n\n<p>Kariyer Geli\u015fimi ve psikososyal riskler aras\u0131ndaki ili\u015fkiyi ve<\/p>\n\n\n\n<p>Kariyer Geli\u015fimi i\u00e7in bireysel ve kurumsal eylem plan\u0131 olu\u015fturmay\u0131 \u00f6\u011freneceksiniz.<\/p>\n\n\n\n<h2 class=\"wp-block-heading\"><strong>Kimler i\u00e7in?<\/strong><\/h2>\n\n\n\n<p>T\u00fcm \u00e7al\u0131\u015fanlar i\u00e7in uygundur.<\/p>\n\n\n\n<h2 class=\"wp-block-heading\"><strong>Certificate<\/strong><\/h2>\n\n\n\n<p>B\u00f6l\u00fcmleri ve testleri tamamlad\u0131ktan sonra, onayl\u0131 Psikososyal Riskler Alt Boyutu Olarak Kariyer Geli\u015fimi E\u011fitimi sertifikan\u0131z\u0131 \u00e7evrimi\u00e7i olarak almaya hak kazanacaks\u0131n\u0131z.<\/p>","protected":false},"excerpt":{"rendered":"<p>Kariyer Geli\u015fimi Nedir? Kariyer geli\u015fimi, bir bireyin i\u015f ya\u015fam\u0131nda ilerlemesi, yeteneklerini geli\u015ftirmesi, hedeflerini belirlemesi ve bunlar\u0131 ger\u00e7ekle\u015ftirmesi s\u00fcrecidir. Bu s\u00fcre\u00e7, genellikle e\u011fitim, deneyim kazanma, beceri geli\u015ftirme, a\u011f kurma ve ki\u015fisel &hellip; <\/p>","protected":false},"featured_media":13831,"template":"","meta":[],"product_brand":[],"product_cat":[7],"product_tag":[],"class_list":{"0":"post-13834","1":"product","2":"type-product","3":"status-publish","4":"has-post-thumbnail","6":"product_cat-egitim-modulleri","8":"first","9":"instock","10":"virtual","11":"sold-individually","12":"taxable","13":"purchasable","14":"product-type-simple"},"_links":{"self":[{"href":"https:\/\/worknhuman.com\/en\/wp-json\/wp\/v2\/product\/13834","targetHints":{"allow":["GET"]}}],"collection":[{"href":"https:\/\/worknhuman.com\/en\/wp-json\/wp\/v2\/product"}],"about":[{"href":"https:\/\/worknhuman.com\/en\/wp-json\/wp\/v2\/types\/product"}],"wp:featuredmedia":[{"embeddable":true,"href":"https:\/\/worknhuman.com\/en\/wp-json\/wp\/v2\/media\/13831"}],"wp:attachment":[{"href":"https:\/\/worknhuman.com\/en\/wp-json\/wp\/v2\/media?parent=13834"}],"wp:term":[{"taxonomy":"product_brand","embeddable":true,"href":"https:\/\/worknhuman.com\/en\/wp-json\/wp\/v2\/product_brand?post=13834"},{"taxonomy":"product_cat","embeddable":true,"href":"https:\/\/worknhuman.com\/en\/wp-json\/wp\/v2\/product_cat?post=13834"},{"taxonomy":"product_tag","embeddable":true,"href":"https:\/\/worknhuman.com\/en\/wp-json\/wp\/v2\/product_tag?post=13834"}],"curies":[{"name":"wp","href":"https:\/\/api.w.org\/{rel}","templated":true}]}}