{"id":13677,"date":"2024-04-04T14:31:12","date_gmt":"2024-04-04T11:31:12","guid":{"rendered":"https:\/\/worknhuman.com\/product\/is-yasaminda-ruh-sagligi-farkindalik-egitimi\/"},"modified":"2025-11-07T22:38:40","modified_gmt":"2025-11-07T19:38:40","slug":"is-yasaminda-ruh-sagligi-farkindalik-egitimi","status":"publish","type":"product","link":"https:\/\/worknhuman.com\/en\/product\/is-yasaminda-ruh-sagligi-farkindalik-egitimi\/","title":{"rendered":"\u0130\u015f Ya\u015fam\u0131nda Ruh Sa\u011fl\u0131\u011f\u0131 Fark\u0131ndal\u0131k E\u011fitimi"},"content":{"rendered":"<figure class=\"wp-block-image size-large\"><img fetchpriority=\"high\" decoding=\"async\" width=\"1024\" height=\"904\" src=\"https:\/\/worknhuman.com\/wp-content\/uploads\/2024\/04\/is-yasaminda-ruh-sagligi-farkindalik-egitimi-e-learning-online-egitim-kutu-1024x904.jpg\" alt=\"\" class=\"wp-image-13768\" srcset=\"https:\/\/worknhuman.com\/wp-content\/uploads\/2024\/04\/is-yasaminda-ruh-sagligi-farkindalik-egitimi-e-learning-online-egitim-kutu-1024x904.jpg 1024w, https:\/\/worknhuman.com\/wp-content\/uploads\/2024\/04\/is-yasaminda-ruh-sagligi-farkindalik-egitimi-e-learning-online-egitim-kutu-300x265.jpg 300w, https:\/\/worknhuman.com\/wp-content\/uploads\/2024\/04\/is-yasaminda-ruh-sagligi-farkindalik-egitimi-e-learning-online-egitim-kutu-768x678.jpg 768w, https:\/\/worknhuman.com\/wp-content\/uploads\/2024\/04\/is-yasaminda-ruh-sagligi-farkindalik-egitimi-e-learning-online-egitim-kutu-1536x1357.jpg 1536w, https:\/\/worknhuman.com\/wp-content\/uploads\/2024\/04\/is-yasaminda-ruh-sagligi-farkindalik-egitimi-e-learning-online-egitim-kutu-2048x1809.jpg 2048w, https:\/\/worknhuman.com\/wp-content\/uploads\/2024\/04\/is-yasaminda-ruh-sagligi-farkindalik-egitimi-e-learning-online-egitim-kutu-14x12.jpg 14w, https:\/\/worknhuman.com\/wp-content\/uploads\/2024\/04\/is-yasaminda-ruh-sagligi-farkindalik-egitimi-e-learning-online-egitim-kutu-scaled-600x530.jpg 600w, https:\/\/worknhuman.com\/wp-content\/uploads\/2024\/04\/is-yasaminda-ruh-sagligi-farkindalik-egitimi-e-learning-online-egitim-kutu-100x88.jpg 100w, https:\/\/worknhuman.com\/wp-content\/uploads\/2024\/04\/is-yasaminda-ruh-sagligi-farkindalik-egitimi-e-learning-online-egitim-kutu-scaled-400x354.jpg 400w\" sizes=\"(max-width: 1024px) 100vw, 1024px\" \/><\/figure>\n\n\n\n<h2 class=\"wp-block-heading\">\u0130\u015f Ya\u015fam\u0131nda Ruh Sa\u011fl\u0131\u011f\u0131 Fark\u0131ndal\u0131k E\u011fitimi Nedir?<\/h2>\n\n\n\n<p>\u0130\u015f Ya\u015fam\u0131nda Ruh Sa\u011fl\u0131\u011f\u0131 Fark\u0131ndal\u0131k e\u011fitimi i\u015f ya\u015fam\u0131nda ruh sa\u011fl\u0131\u011f\u0131n\u0131n \u00f6nemi ve sa\u011fl\u0131kl\u0131 bir \u00e7al\u0131\u015fma ortam\u0131n\u0131n nas\u0131l olu\u015fturulabilece\u011fi konular\u0131na odaklanmaktad\u0131r. E\u011fitimin amac\u0131, i\u015f ya\u015fam\u0131nda ruh sa\u011fl\u0131\u011f\u0131 fark\u0131ndal\u0131\u011f\u0131n\u0131 art\u0131rmak, \u00e7al\u0131\u015fanlar\u0131n psikolojik sa\u011fl\u0131\u011f\u0131n\u0131 desteklemek ve sa\u011fl\u0131kl\u0131 bir \u00e7al\u0131\u015fma ortam\u0131 olu\u015fturmak i\u00e7in gerekli bilgileri sa\u011flamakt\u0131r.<\/p>\n\n\n\n<h2 class=\"wp-block-heading\">E\u011fitimi Kimler Alabilir?<\/h2>\n\n\n\n<p>E\u011fitimi, i\u015f yerinde ruh sa\u011fl\u0131\u011f\u0131n\u0131 te\u015fvik etmek ve sa\u011fl\u0131kl\u0131 bir \u00e7al\u0131\u015fma ortam\u0131 olu\u015fturmak isteyen herkes alabilir. Bu e\u011fitim, \u0130K profesyonelleri, liderler, y\u00f6neticiler ve \u00e7al\u0131\u015fanlar gibi i\u015f yerindeki \u00e7e\u015fitli payda\u015flar i\u00e7in tasarlanm\u0131\u015ft\u0131r. Her seviyeden \u00e7al\u0131\u015fan\u0131n kat\u0131l\u0131m\u0131, i\u015f yerinde ruh sa\u011fl\u0131\u011f\u0131n\u0131n desteklenmesi ve sa\u011fl\u0131kl\u0131 bir \u00e7al\u0131\u015fma ortam\u0131n\u0131n olu\u015fturulmas\u0131 a\u00e7\u0131s\u0131ndan \u00f6nemlidir.<\/p>\n\n\n\n<h2 class=\"wp-block-heading\">What will you learn?<\/h2>\n\n\n\n<ul class=\"wp-block-list\">\n<li>\u0130\u015f Ya\u015fam\u0131nda Ruh Sa\u011fl\u0131\u011f\u0131 konusunda fark\u0131ndal\u0131k.<\/li>\n\n\n\n<li>Olumlu bir \u00e7al\u0131\u015fma ortam\u0131n\u0131n olu\u015fturulmas\u0131na katk\u0131 sa\u011flanmas\u0131 i\u00e7in bilgiler.<\/li>\n\n\n\n<li>\u0130\u015f Ya\u015fam\u0131nda Ruh Sa\u011fl\u0131\u011f\u0131n\u0131 koruyacak, geli\u015ftirecek, destekleyecek ve ruh sa\u011fl\u0131\u011f\u0131na zarar verebilecek fakt\u00f6rleri \u00f6nleyebilecek stratejiler.<\/li>\n<\/ul>\n\n\n\n<h2 class=\"wp-block-heading\">Certificate<\/h2>\n\n\n\n<p>When you complete the sections and tests, you will be entitled to receive your approved training completion certificate online.<\/p>","protected":false},"excerpt":{"rendered":"<p>\u0130\u015f Ya\u015fam\u0131nda Ruh Sa\u011fl\u0131\u011f\u0131 Fark\u0131ndal\u0131k E\u011fitimi Nedir? \u0130\u015f Ya\u015fam\u0131nda Ruh Sa\u011fl\u0131\u011f\u0131 Fark\u0131ndal\u0131k e\u011fitimi i\u015f ya\u015fam\u0131nda ruh sa\u011fl\u0131\u011f\u0131n\u0131n \u00f6nemi ve sa\u011fl\u0131kl\u0131 bir \u00e7al\u0131\u015fma ortam\u0131n\u0131n nas\u0131l olu\u015fturulabilece\u011fi konular\u0131na odaklanmaktad\u0131r. E\u011fitimin amac\u0131, i\u015f &hellip; <\/p>","protected":false},"featured_media":13768,"template":"","meta":[],"product_brand":[],"product_cat":[7],"product_tag":[495],"class_list":{"0":"post-13677","1":"product","2":"type-product","3":"status-publish","4":"has-post-thumbnail","6":"product_cat-egitim-modulleri","7":"product_tag-is-yasaminda-ruh-sagligi","9":"first","10":"instock","11":"virtual","12":"sold-individually","13":"taxable","14":"purchasable","15":"product-type-simple"},"_links":{"self":[{"href":"https:\/\/worknhuman.com\/en\/wp-json\/wp\/v2\/product\/13677","targetHints":{"allow":["GET"]}}],"collection":[{"href":"https:\/\/worknhuman.com\/en\/wp-json\/wp\/v2\/product"}],"about":[{"href":"https:\/\/worknhuman.com\/en\/wp-json\/wp\/v2\/types\/product"}],"wp:featuredmedia":[{"embeddable":true,"href":"https:\/\/worknhuman.com\/en\/wp-json\/wp\/v2\/media\/13768"}],"wp:attachment":[{"href":"https:\/\/worknhuman.com\/en\/wp-json\/wp\/v2\/media?parent=13677"}],"wp:term":[{"taxonomy":"product_brand","embeddable":true,"href":"https:\/\/worknhuman.com\/en\/wp-json\/wp\/v2\/product_brand?post=13677"},{"taxonomy":"product_cat","embeddable":true,"href":"https:\/\/worknhuman.com\/en\/wp-json\/wp\/v2\/product_cat?post=13677"},{"taxonomy":"product_tag","embeddable":true,"href":"https:\/\/worknhuman.com\/en\/wp-json\/wp\/v2\/product_tag?post=13677"}],"curies":[{"name":"wp","href":"https:\/\/api.w.org\/{rel}","templated":true}]}}