{"id":13287,"date":"2024-02-15T14:47:35","date_gmt":"2024-02-15T11:47:35","guid":{"rendered":"https:\/\/worknhuman.com\/?post_type=product&#038;p=13287"},"modified":"2024-02-19T09:19:21","modified_gmt":"2024-02-19T06:19:21","slug":"psr-q-psikososyal-risk-degerlendirmesi-test-olcegi","status":"publish","type":"product","link":"https:\/\/worknhuman.com\/en\/product\/psr-q-psikososyal-risk-degerlendirmesi-test-olcegi\/","title":{"rendered":"PSR-Q | Psikososyal Risk De\u011ferlendirmesi \u00d6l\u00e7e\u011fi"},"content":{"rendered":"<p style=\"text-align: left;\">Risk factors in the workplace that can cause stress emerge as psychosocial risks. It includes organizational aspects of the job, social factors at work, work environment, equipment and hazardous tasks.<br \/>\nPSR-Q \u00f6l\u00e7e\u011fi; i\u015f yerlerinde i\u015f sa\u011fl\u0131\u011f\u0131 ve g\u00fcvenli\u011fi (\u0130SG) risk de\u011ferlendirmelerini tamamlayan bir psikososyal risk de\u011ferlendirme arac\u0131 olarak psikososyal risk y\u00f6netimine y\u00f6nelik uluslararas\u0131 standartlara ve k\u00fclt\u00fcrel normlara uygun olarak tasarlanm\u0131\u015ft\u0131r.<br \/>\nWith the risk grouping system, it provides the framework for planning intervention and prevention efforts that correspond to the risk levels of the measured variables.<br \/>\n<strong><em><br \/>\nFeatures<\/em><br \/>\n<\/strong> NHUMAN Psychosocial Risk Assessment Questionnaire (PSR-Q) determines the factors that cause stress in the work life of the employees and affect the well-being of the employees.<\/p>\n<p style=\"text-align: left;\">It analyzes the risk factors associated with the organization and content of the job, the social factors of the job, the working environment, equipment and hazardous tasks.<\/p>\n<p style=\"text-align: left;\">It consists of 17 sub-dimensions and 84 questions.<br \/>\n<em><strong><br \/>\nAPPLICATION<\/strong><\/em><br \/>\nPSR-Q karbon ayak izine duyarl\u0131 \u00e7evrimi\u00e7i bir de\u011ferlendirme arac\u0131 olarak tasarlanmas\u0131n\u0131n yan\u0131 s\u0131ra uygulanan kurumun yap\u0131s\u0131na ba\u011fl\u0131 olarak y\u00fcz y\u00fcze uygulamalara da entegre olabilmektedir. Hem bireysel hem de organizasyonel uygulamalara uygun olarak geli\u015ftirilmi\u015ftir.<\/p>","protected":false},"excerpt":{"rendered":"<p>PSR-Q Test, sat\u0131n al\u0131m\u0131n\u0131z\u0131n ard\u0131ndan mail adresinize test ba\u011flant\u0131s\u0131n\u0131n g\u00f6nderimi sa\u011flanacakt\u0131r.<\/p>","protected":false},"featured_media":13288,"template":"","meta":[],"product_brand":[],"product_cat":[824],"product_tag":[],"class_list":{"0":"post-13287","1":"product","2":"type-product","3":"status-publish","4":"has-post-thumbnail","6":"product_cat-olcme","8":"first","9":"instock","10":"virtual","11":"sold-individually","12":"taxable","13":"purchasable","14":"product-type-simple"},"_links":{"self":[{"href":"https:\/\/worknhuman.com\/en\/wp-json\/wp\/v2\/product\/13287","targetHints":{"allow":["GET"]}}],"collection":[{"href":"https:\/\/worknhuman.com\/en\/wp-json\/wp\/v2\/product"}],"about":[{"href":"https:\/\/worknhuman.com\/en\/wp-json\/wp\/v2\/types\/product"}],"wp:featuredmedia":[{"embeddable":true,"href":"https:\/\/worknhuman.com\/en\/wp-json\/wp\/v2\/media\/13288"}],"wp:attachment":[{"href":"https:\/\/worknhuman.com\/en\/wp-json\/wp\/v2\/media?parent=13287"}],"wp:term":[{"taxonomy":"product_brand","embeddable":true,"href":"https:\/\/worknhuman.com\/en\/wp-json\/wp\/v2\/product_brand?post=13287"},{"taxonomy":"product_cat","embeddable":true,"href":"https:\/\/worknhuman.com\/en\/wp-json\/wp\/v2\/product_cat?post=13287"},{"taxonomy":"product_tag","embeddable":true,"href":"https:\/\/worknhuman.com\/en\/wp-json\/wp\/v2\/product_tag?post=13287"}],"curies":[{"name":"wp","href":"https:\/\/api.w.org\/{rel}","templated":true}]}}