{"id":13048,"date":"2024-01-30T20:17:57","date_gmt":"2024-01-30T17:17:57","guid":{"rendered":"https:\/\/worknhuman.com\/?post_type=product&#038;p=13048"},"modified":"2024-01-31T11:51:30","modified_gmt":"2024-01-31T08:51:30","slug":"is-yerinde-siddet-onlemler-ve-mudahaleler-2","status":"publish","type":"product","link":"https:\/\/worknhuman.com\/en\/product\/is-yerinde-siddet-onlemler-ve-mudahaleler-2\/","title":{"rendered":"\u0130\u015f Yerinde \u015eiddet: \u00d6nlemler ve M\u00fcdahaleler"},"content":{"rendered":"","protected":false},"excerpt":{"rendered":"","protected":false},"featured_media":11847,"template":"","meta":[],"product_brand":[],"product_cat":[800],"product_tag":[],"class_list":{"0":"post-13048","1":"product","2":"type-product","3":"status-publish","4":"has-post-thumbnail","6":"product_cat-hediye-kartlari","8":"first","9":"instock","10":"taxable","11":"shipping-taxable","12":"purchasable","13":"product-type-pw-gift-card","14":"has-default-attributes"},"_links":{"self":[{"href":"https:\/\/worknhuman.com\/en\/wp-json\/wp\/v2\/product\/13048","targetHints":{"allow":["GET"]}}],"collection":[{"href":"https:\/\/worknhuman.com\/en\/wp-json\/wp\/v2\/product"}],"about":[{"href":"https:\/\/worknhuman.com\/en\/wp-json\/wp\/v2\/types\/product"}],"wp:featuredmedia":[{"embeddable":true,"href":"https:\/\/worknhuman.com\/en\/wp-json\/wp\/v2\/media\/11847"}],"wp:attachment":[{"href":"https:\/\/worknhuman.com\/en\/wp-json\/wp\/v2\/media?parent=13048"}],"wp:term":[{"taxonomy":"product_brand","embeddable":true,"href":"https:\/\/worknhuman.com\/en\/wp-json\/wp\/v2\/product_brand?post=13048"},{"taxonomy":"product_cat","embeddable":true,"href":"https:\/\/worknhuman.com\/en\/wp-json\/wp\/v2\/product_cat?post=13048"},{"taxonomy":"product_tag","embeddable":true,"href":"https:\/\/worknhuman.com\/en\/wp-json\/wp\/v2\/product_tag?post=13048"}],"curies":[{"name":"wp","href":"https:\/\/api.w.org\/{rel}","templated":true}]}}