{"id":12897,"date":"2024-01-26T11:52:51","date_gmt":"2024-01-26T08:52:55","guid":{"rendered":"https:\/\/worknhuman.com\/?post_type=product&#038;p=12897"},"modified":"2025-11-07T22:36:38","modified_gmt":"2025-11-07T19:36:38","slug":"is-yerinde-siddet-onlemler-ve-mudahaleler","status":"publish","type":"product","link":"https:\/\/worknhuman.com\/en\/product\/is-yerinde-siddet-onlemler-ve-mudahaleler\/","title":{"rendered":"\u0130\u015f Yerinde \u015eiddet: \u00d6nlemler ve M\u00fcdahaleler"},"content":{"rendered":"<figure class=\"wp-block-image size-large\"><img fetchpriority=\"high\" decoding=\"async\" width=\"1024\" height=\"904\" src=\"https:\/\/worknhuman.com\/wp-content\/uploads\/2024\/01\/is-yerinde-siddet-1024x904.jpg\" alt=\"\" class=\"wp-image-12958\" srcset=\"https:\/\/worknhuman.com\/wp-content\/uploads\/2024\/01\/is-yerinde-siddet-1024x904.jpg 1024w, https:\/\/worknhuman.com\/wp-content\/uploads\/2024\/01\/is-yerinde-siddet-300x265.jpg 300w, https:\/\/worknhuman.com\/wp-content\/uploads\/2024\/01\/is-yerinde-siddet-768x678.jpg 768w, https:\/\/worknhuman.com\/wp-content\/uploads\/2024\/01\/is-yerinde-siddet-1536x1357.jpg 1536w, https:\/\/worknhuman.com\/wp-content\/uploads\/2024\/01\/is-yerinde-siddet-2048x1809.jpg 2048w, https:\/\/worknhuman.com\/wp-content\/uploads\/2024\/01\/is-yerinde-siddet-14x12.jpg 14w, https:\/\/worknhuman.com\/wp-content\/uploads\/2024\/01\/is-yerinde-siddet-scaled-600x530.jpg 600w, https:\/\/worknhuman.com\/wp-content\/uploads\/2024\/01\/is-yerinde-siddet-100x88.jpg 100w, https:\/\/worknhuman.com\/wp-content\/uploads\/2024\/01\/is-yerinde-siddet-scaled-400x354.jpg 400w\" sizes=\"(max-width: 1024px) 100vw, 1024px\" \/><\/figure>\n\n\n\n<h2 class=\"wp-block-heading\"><strong>\u0130\u015f Yerinde \u015eiddet nedir?<\/strong><\/h2>\n\n\n\n<p>\u0130\u015f yerinde \u015fiddet, bir \u00e7al\u0131\u015fan\u0131n veya \u00e7al\u0131\u015fanlar\u0131n, di\u011fer \u00e7al\u0131\u015fanlara, y\u00f6neticilere veya i\u015f yerinde bulunan di\u011fer ki\u015filere kar\u015f\u0131 fiziksel, s\u00f6zl\u00fc veya duygusal olarak sald\u0131rgan davran\u0131\u015flarda bulunmas\u0131d\u0131r.<\/p>\n\n\n\n<h2 class=\"wp-block-heading\"><strong>\u0130\u015f Yerinde \u015eiddet E\u011fitimi Nedir?<\/strong><\/h2>\n\n\n\n<p>\u0130\u015f Yerinde \u015eiddet E\u011fitimi, bir i\u015f yerinde \u00e7al\u0131\u015fanlara, y\u00f6neticilere ve di\u011fer ilgili personellere, i\u015f yerinde \u015fiddeti tan\u0131ma, \u00f6nleme ve ba\u015fa \u00e7\u0131kma becerilerini kazand\u0131rmay\u0131 ama\u00e7layan bir e\u011fitim program\u0131n\u0131 ifade eder. Bu t\u00fcr e\u011fitimler, \u00e7al\u0131\u015fanlar\u0131n i\u015f yerinde g\u00fcvenli bir ortamda \u00e7al\u0131\u015fmalar\u0131na katk\u0131da bulunmak, \u015fiddeti tan\u0131mak ve \u00f6nlemek i\u00e7in gerekli bilgi ve becerileri edinmelerini sa\u011flar.<\/p>\n\n\n\n<h2 class=\"wp-block-heading\"><strong>What will you learn?<\/strong><\/h2>\n\n\n\n<ul class=\"wp-block-list\">\n<li>\u0130\u015f yerinde \u015fiddetin ne oldu\u011funu,<\/li>\n\n\n\n<li>\u015eiddet t\u00fcrlerini ay\u0131rt edebilmeyi,<\/li>\n\n\n\n<li>\u0130\u015f yerinde \u015fiddet oldu\u011funda bir eylem plan\u0131 olu\u015fturabilmeyi \u00f6\u011freneceksiniz.<\/li>\n<\/ul>\n\n\n\n<h2 class=\"wp-block-heading\"><strong>Kimler i\u00e7in?<\/strong><\/h2>\n\n\n\n<p>T\u00fcm \u00e7al\u0131\u015fanlar ve y\u00f6neticiler i\u00e7in uygundur.<\/p>\n\n\n\n<h2 class=\"wp-block-heading\"><strong>Certificate<\/strong><\/h2>\n\n\n\n<p>B\u00f6l\u00fcmleri ve testleri tamamlad\u0131ktan sonra, onayl\u0131 \u0130\u015f Yerinde \u015eiddet E\u011fitimi sertifikan\u0131z\u0131 \u00e7evrimi\u00e7i olarak almaya hak kazanacaks\u0131n\u0131z.<\/p>\n\n\n\n<div class=\"wp-block-buttons is-layout-flex wp-block-buttons-is-layout-flex\">\n<div class=\"wp-block-button\"><a class=\"wp-block-button__link has-title-color has-primary-background-color has-text-color has-background has-link-color wp-element-button\" href=\"https:\/\/worknhuman.com\/en\/product\/is-yerinde-siddet-onlemler-ve-mudahaleler-2\/\">E\u011fitimi Hediye Et<\/a><\/div>\n<\/div>","protected":false},"excerpt":{"rendered":"<p>\u0130\u015f Yerinde \u015eiddet nedir? \u0130\u015f yerinde \u015fiddet, bir \u00e7al\u0131\u015fan\u0131n veya \u00e7al\u0131\u015fanlar\u0131n, di\u011fer \u00e7al\u0131\u015fanlara, y\u00f6neticilere veya i\u015f yerinde bulunan di\u011fer ki\u015filere kar\u015f\u0131 fiziksel, s\u00f6zl\u00fc veya duygusal olarak sald\u0131rgan davran\u0131\u015flarda bulunmas\u0131d\u0131r. \u0130\u015f &hellip; <\/p>","protected":false},"featured_media":12958,"template":"","meta":[],"product_brand":[],"product_cat":[7],"product_tag":[],"class_list":{"0":"post-12897","1":"product","2":"type-product","3":"status-publish","4":"has-post-thumbnail","6":"product_cat-egitim-modulleri","8":"first","9":"instock","10":"virtual","11":"sold-individually","12":"taxable","13":"purchasable","14":"product-type-simple"},"_links":{"self":[{"href":"https:\/\/worknhuman.com\/en\/wp-json\/wp\/v2\/product\/12897","targetHints":{"allow":["GET"]}}],"collection":[{"href":"https:\/\/worknhuman.com\/en\/wp-json\/wp\/v2\/product"}],"about":[{"href":"https:\/\/worknhuman.com\/en\/wp-json\/wp\/v2\/types\/product"}],"wp:featuredmedia":[{"embeddable":true,"href":"https:\/\/worknhuman.com\/en\/wp-json\/wp\/v2\/media\/12958"}],"wp:attachment":[{"href":"https:\/\/worknhuman.com\/en\/wp-json\/wp\/v2\/media?parent=12897"}],"wp:term":[{"taxonomy":"product_brand","embeddable":true,"href":"https:\/\/worknhuman.com\/en\/wp-json\/wp\/v2\/product_brand?post=12897"},{"taxonomy":"product_cat","embeddable":true,"href":"https:\/\/worknhuman.com\/en\/wp-json\/wp\/v2\/product_cat?post=12897"},{"taxonomy":"product_tag","embeddable":true,"href":"https:\/\/worknhuman.com\/en\/wp-json\/wp\/v2\/product_tag?post=12897"}],"curies":[{"name":"wp","href":"https:\/\/api.w.org\/{rel}","templated":true}]}}