{"id":12750,"date":"2024-01-19T11:18:09","date_gmt":"2024-01-19T08:18:09","guid":{"rendered":"https:\/\/worknhuman.com\/?post_type=product&#038;p=12750"},"modified":"2024-01-19T12:12:08","modified_gmt":"2024-01-19T09:12:08","slug":"iso-45003-standardi-temel-egitimi-psikolojik-saglik-ve-guvenlik-2","status":"publish","type":"product","link":"https:\/\/worknhuman.com\/en\/product\/iso-45003-standardi-temel-egitimi-psikolojik-saglik-ve-guvenlik-2\/","title":{"rendered":"ISO 45003 Standard\u0131 Temel E\u011fitimi (Psikolojik Sa\u011fl\u0131k ve G\u00fcvenlik) (TR)"},"content":{"rendered":"","protected":false},"excerpt":{"rendered":"","protected":false},"featured_media":11847,"template":"","meta":[],"product_brand":[],"product_cat":[800],"product_tag":[],"class_list":{"0":"post-12750","1":"product","2":"type-product","3":"status-publish","4":"has-post-thumbnail","6":"product_cat-hediye-kartlari","8":"first","9":"instock","10":"taxable","11":"shipping-taxable","12":"purchasable","13":"product-type-pw-gift-card","14":"has-default-attributes"},"_links":{"self":[{"href":"https:\/\/worknhuman.com\/en\/wp-json\/wp\/v2\/product\/12750","targetHints":{"allow":["GET"]}}],"collection":[{"href":"https:\/\/worknhuman.com\/en\/wp-json\/wp\/v2\/product"}],"about":[{"href":"https:\/\/worknhuman.com\/en\/wp-json\/wp\/v2\/types\/product"}],"wp:featuredmedia":[{"embeddable":true,"href":"https:\/\/worknhuman.com\/en\/wp-json\/wp\/v2\/media\/11847"}],"wp:attachment":[{"href":"https:\/\/worknhuman.com\/en\/wp-json\/wp\/v2\/media?parent=12750"}],"wp:term":[{"taxonomy":"product_brand","embeddable":true,"href":"https:\/\/worknhuman.com\/en\/wp-json\/wp\/v2\/product_brand?post=12750"},{"taxonomy":"product_cat","embeddable":true,"href":"https:\/\/worknhuman.com\/en\/wp-json\/wp\/v2\/product_cat?post=12750"},{"taxonomy":"product_tag","embeddable":true,"href":"https:\/\/worknhuman.com\/en\/wp-json\/wp\/v2\/product_tag?post=12750"}],"curies":[{"name":"wp","href":"https:\/\/api.w.org\/{rel}","templated":true}]}}