{"id":12725,"date":"2024-01-19T10:21:58","date_gmt":"2024-01-19T07:21:58","guid":{"rendered":"https:\/\/worknhuman.com\/?post_type=product&#038;p=12725"},"modified":"2024-01-19T12:09:59","modified_gmt":"2024-01-19T09:09:59","slug":"ska-8-insana-yakisir-is-ve-ekonomik-buyume-surdurulebilir-kalkinma-amaclari-ve-psikolojik-saglik-ve-guvenlik-2","status":"publish","type":"product","link":"https:\/\/worknhuman.com\/en\/product\/ska-8-insana-yakisir-is-ve-ekonomik-buyume-surdurulebilir-kalkinma-amaclari-ve-psikolojik-saglik-ve-guvenlik-2\/","title":{"rendered":"SKA 8: \u0130nsana Yak\u0131\u015f\u0131r \u0130\u015f ve Ekonomik B\u00fcy\u00fcme \u201cS\u00fcrd\u00fcr\u00fclebilir Kalk\u0131nma Ama\u00e7lar\u0131 ve Psikolojik Sa\u011fl\u0131k ve G\u00fcvenlik\u201d"},"content":{"rendered":"","protected":false},"excerpt":{"rendered":"","protected":false},"featured_media":11847,"template":"","meta":[],"product_brand":[],"product_cat":[800],"product_tag":[],"class_list":{"0":"post-12725","1":"product","2":"type-product","3":"status-publish","4":"has-post-thumbnail","6":"product_cat-hediye-kartlari","8":"first","9":"instock","10":"taxable","11":"shipping-taxable","12":"purchasable","13":"product-type-pw-gift-card","14":"has-default-attributes"},"_links":{"self":[{"href":"https:\/\/worknhuman.com\/en\/wp-json\/wp\/v2\/product\/12725","targetHints":{"allow":["GET"]}}],"collection":[{"href":"https:\/\/worknhuman.com\/en\/wp-json\/wp\/v2\/product"}],"about":[{"href":"https:\/\/worknhuman.com\/en\/wp-json\/wp\/v2\/types\/product"}],"wp:featuredmedia":[{"embeddable":true,"href":"https:\/\/worknhuman.com\/en\/wp-json\/wp\/v2\/media\/11847"}],"wp:attachment":[{"href":"https:\/\/worknhuman.com\/en\/wp-json\/wp\/v2\/media?parent=12725"}],"wp:term":[{"taxonomy":"product_brand","embeddable":true,"href":"https:\/\/worknhuman.com\/en\/wp-json\/wp\/v2\/product_brand?post=12725"},{"taxonomy":"product_cat","embeddable":true,"href":"https:\/\/worknhuman.com\/en\/wp-json\/wp\/v2\/product_cat?post=12725"},{"taxonomy":"product_tag","embeddable":true,"href":"https:\/\/worknhuman.com\/en\/wp-json\/wp\/v2\/product_tag?post=12725"}],"curies":[{"name":"wp","href":"https:\/\/api.w.org\/{rel}","templated":true}]}}