{"id":11462,"date":"2023-11-08T15:42:24","date_gmt":"2023-11-08T12:42:24","guid":{"rendered":"https:\/\/worknhuman.com\/?post_type=product&#038;p=11462"},"modified":"2025-11-07T22:28:36","modified_gmt":"2025-11-07T19:28:36","slug":"is-yasam-dengesi-egitimi","status":"publish","type":"product","link":"https:\/\/worknhuman.com\/en\/product\/is-yasam-dengesi-egitimi\/","title":{"rendered":"Work \u2013 Life Balance Training"},"content":{"rendered":"<figure class=\"wp-block-gallery has-nested-images columns-default is-cropped wp-block-gallery-1 is-layout-flex wp-block-gallery-is-layout-flex\">\n<figure class=\"wp-block-image size-large\"><img fetchpriority=\"high\" decoding=\"async\" width=\"1024\" height=\"904\" data-id=\"11460\" src=\"https:\/\/worknhuman.com\/wp-content\/uploads\/2023\/11\/isyasamdengesiegitimi-1024x904.jpg\" alt=\"\" class=\"wp-image-11460\" srcset=\"https:\/\/worknhuman.com\/wp-content\/uploads\/2023\/11\/isyasamdengesiegitimi-1024x904.jpg 1024w, https:\/\/worknhuman.com\/wp-content\/uploads\/2023\/11\/isyasamdengesiegitimi-300x265.jpg 300w, https:\/\/worknhuman.com\/wp-content\/uploads\/2023\/11\/isyasamdengesiegitimi-768x678.jpg 768w, https:\/\/worknhuman.com\/wp-content\/uploads\/2023\/11\/isyasamdengesiegitimi-1536x1357.jpg 1536w, https:\/\/worknhuman.com\/wp-content\/uploads\/2023\/11\/isyasamdengesiegitimi-2048x1809.jpg 2048w, https:\/\/worknhuman.com\/wp-content\/uploads\/2023\/11\/isyasamdengesiegitimi-14x12.jpg 14w, https:\/\/worknhuman.com\/wp-content\/uploads\/2023\/11\/isyasamdengesiegitimi-scaled-600x530.jpg 600w, https:\/\/worknhuman.com\/wp-content\/uploads\/2023\/11\/isyasamdengesiegitimi-100x88.jpg 100w, https:\/\/worknhuman.com\/wp-content\/uploads\/2023\/11\/isyasamdengesiegitimi-scaled-400x354.jpg 400w\" sizes=\"(max-width: 1024px) 100vw, 1024px\" \/><\/figure>\n<\/figure>\n\n\n\n<h2 class=\"wp-block-heading\">\u0130\u015f &#8211; Ya\u015fam Dengesi E\u011fitimi Nedir?<\/h2>\n\n\n\n<p>Bu e\u011fitim, i\u015f ve ya\u015fam kavramlar\u0131n\u0131 anlamak, i\u015f-ya\u015fam dengesini kurmak, rollerimizi belirlemek, i\u015f-ya\u015fam dengesini zorla\u015ft\u0131ran fakt\u00f6rleri tan\u0131mak ve i\u015f-ya\u015fam dengesini kurabilmek i\u00e7in yap\u0131lmas\u0131 gerekenleri \u00f6\u011fretmeyi ama\u00e7lar.<\/p>\n\n\n\n<h2 class=\"wp-block-heading\"><strong>What will you learn?<\/strong><\/h2>\n\n\n\n<ul class=\"wp-block-list\">\n<li><strong>\u0130\u015f-Ya\u015fam Dengesinin ne oldu\u011funu,<\/strong><\/li>\n\n\n\n<li><strong>\u0130\u015f-Ya\u015fam Dengesinin nas\u0131l kurulabilece\u011fini<\/strong> \u00f6\u011frenin.<\/li>\n<\/ul>\n\n\n\n<h2 class=\"wp-block-heading\"><strong>Who Can Benefit?<\/strong><\/h2>\n\n\n\n<p>Managers, employees working in the field of human resources, and anyone who wants to learn about time management at work or in their private life can participate in this training.<\/p>\n\n\n\n<h2 class=\"wp-block-heading\">Certificate<\/h2>\n\n\n\n<p>When you complete the sections and tests, you will be entitled to receive your approved training completion certificate online.<\/p>\n\n\n\n<div class=\"wp-block-buttons is-layout-flex wp-block-buttons-is-layout-flex\">\n<div class=\"wp-block-button\"><a class=\"wp-block-button__link has-title-color has-primary-background-color has-text-color has-background has-link-color wp-element-button\" href=\"https:\/\/worknhuman.com\/en\/product\/is-yasam-dengesi-egitimi-hediye-karti\/\">E\u011fitimi Hediye Et<\/a><\/div>\n<\/div>","protected":false},"excerpt":{"rendered":"<p>\u0130\u015f &#8211; Ya\u015fam Dengesi E\u011fitimi Nedir? Bu e\u011fitim, i\u015f ve ya\u015fam kavramlar\u0131n\u0131 anlamak, i\u015f-ya\u015fam dengesini kurmak, rollerimizi belirlemek, i\u015f-ya\u015fam dengesini zorla\u015ft\u0131ran fakt\u00f6rleri tan\u0131mak ve i\u015f-ya\u015fam dengesini kurabilmek i\u00e7in yap\u0131lmas\u0131 gerekenleri &hellip; <\/p>","protected":false},"featured_media":11460,"template":"","meta":[],"product_brand":[],"product_cat":[550,797],"product_tag":[795,465],"class_list":{"0":"post-11462","1":"product","2":"type-product","3":"status-publish","4":"has-post-thumbnail","6":"product_cat-turkce","7":"product_cat-wellbeing","8":"product_tag-is-yasam-dengesi","9":"product_tag-psikososyal-riskler","11":"first","12":"instock","13":"virtual","14":"sold-individually","15":"taxable","16":"purchasable","17":"product-type-simple"},"_links":{"self":[{"href":"https:\/\/worknhuman.com\/en\/wp-json\/wp\/v2\/product\/11462","targetHints":{"allow":["GET"]}}],"collection":[{"href":"https:\/\/worknhuman.com\/en\/wp-json\/wp\/v2\/product"}],"about":[{"href":"https:\/\/worknhuman.com\/en\/wp-json\/wp\/v2\/types\/product"}],"wp:featuredmedia":[{"embeddable":true,"href":"https:\/\/worknhuman.com\/en\/wp-json\/wp\/v2\/media\/11460"}],"wp:attachment":[{"href":"https:\/\/worknhuman.com\/en\/wp-json\/wp\/v2\/media?parent=11462"}],"wp:term":[{"taxonomy":"product_brand","embeddable":true,"href":"https:\/\/worknhuman.com\/en\/wp-json\/wp\/v2\/product_brand?post=11462"},{"taxonomy":"product_cat","embeddable":true,"href":"https:\/\/worknhuman.com\/en\/wp-json\/wp\/v2\/product_cat?post=11462"},{"taxonomy":"product_tag","embeddable":true,"href":"https:\/\/worknhuman.com\/en\/wp-json\/wp\/v2\/product_tag?post=11462"}],"curies":[{"name":"wp","href":"https:\/\/api.w.org\/{rel}","templated":true}]}}