{"id":38,"date":"2022-09-09T13:00:33","date_gmt":"2022-09-09T13:00:33","guid":{"rendered":"https:\/\/worknhuman.com\/iletisim-kurun\/"},"modified":"2022-09-09T13:00:33","modified_gmt":"2022-09-09T13:00:33","slug":"iletisim-kurun","status":"publish","type":"page","link":"https:\/\/worknhuman.com\/en\/contact-contact\/","title":{"rendered":"Contact Us"},"content":{"rendered":"<figure class=\"wp-block-image alignfull size-full is-style-default mb-0\"><img decoding=\"async\" src=\"https:\/\/worknhuman.com\/wp-content\/uploads\/2022\/09\/image-5.jpg\" alt=\"Image description\" class=\"wp-image-22\"\/><\/figure>\n\n\n\n<h2 class=\"has-text-align-center wp-block-heading\">Contact Us<\/h2>\n\n\n\n<p>Appropriate reservations as of 09:00 on weekdays can be made via the contact form below or <strong>(555) 555-5555<\/strong> can be done by calling the phone number.<\/p>","protected":false},"excerpt":{"rendered":"<p>\u0130leti\u015fime ge\u00e7in Hafta i\u00e7i saat 09:00 itibariyle uygun olan rezervasyonlar, a\u015fa\u011f\u0131daki ileti\u015fim formundan veya (555) 555-5555 numaral\u0131 telefon aranarak yap\u0131labilir.<\/p>","protected":false},"author":0,"featured_media":0,"parent":0,"menu_order":0,"comment_status":"closed","ping_status":"closed","template":"","meta":{"footnotes":""},"class_list":["post-38","page","type-page","status-publish","hentry"],"_links":{"self":[{"href":"https:\/\/worknhuman.com\/en\/wp-json\/wp\/v2\/pages\/38","targetHints":{"allow":["GET"]}}],"collection":[{"href":"https:\/\/worknhuman.com\/en\/wp-json\/wp\/v2\/pages"}],"about":[{"href":"https:\/\/worknhuman.com\/en\/wp-json\/wp\/v2\/types\/page"}],"replies":[{"embeddable":true,"href":"https:\/\/worknhuman.com\/en\/wp-json\/wp\/v2\/comments?post=38"}],"version-history":[{"count":0,"href":"https:\/\/worknhuman.com\/en\/wp-json\/wp\/v2\/pages\/38\/revisions"}],"wp:attachment":[{"href":"https:\/\/worknhuman.com\/en\/wp-json\/wp\/v2\/media?parent=38"}],"curies":[{"name":"wp","href":"https:\/\/api.w.org\/{rel}","templated":true}]}}