{"id":283,"date":"2022-09-14T09:48:03","date_gmt":"2022-09-14T09:48:03","guid":{"rendered":"https:\/\/worknhuman.com\/?page_id=283"},"modified":"2023-04-11T14:20:21","modified_gmt":"2023-04-11T11:20:21","slug":"acil-durumlar-ve-kriz-danismanligi","status":"publish","type":"page","link":"https:\/\/worknhuman.com\/en\/emergencies-and-crisis-advising\/","title":{"rendered":"Emergencies and Crisis Counseling"},"content":{"rendered":"<div data-elementor-type=\"wp-page\" data-elementor-id=\"283\" class=\"elementor elementor-283\">\n\t\t\t\t\t\t<section class=\"elementor-section elementor-top-section elementor-element elementor-element-529bb98e elementor-section-content-middle elementor-section-full_width elementor-section-height-min-height elementor-section-items-stretch elementor-section-height-default\" data-id=\"529bb98e\" data-element_type=\"section\">\n\t\t\t\t\t\t<div class=\"elementor-container elementor-column-gap-no\">\n\t\t\t\t\t<div class=\"elementor-column elementor-col-50 elementor-top-column elementor-element elementor-element-4c18f2d5\" data-id=\"4c18f2d5\" data-element_type=\"column\">\n\t\t\t<div class=\"elementor-widget-wrap elementor-element-populated\">\n\t\t\t\t\t\t<div class=\"elementor-element elementor-element-53e87013 elementor-widget elementor-widget-heading\" data-id=\"53e87013\" data-element_type=\"widget\" data-widget_type=\"heading.default\">\n\t\t\t\t<div class=\"elementor-widget-container\">\n\t\t\t\t\t<h1 class=\"elementor-heading-title elementor-size-default\">WHY?<\/h1>\t\t\t\t<\/div>\n\t\t\t\t<\/div>\n\t\t\t\t<div class=\"elementor-element elementor-element-31668855 elementor-widget elementor-widget-text-editor\" data-id=\"31668855\" data-element_type=\"widget\" data-widget_type=\"text-editor.default\">\n\t\t\t\t<div class=\"elementor-widget-container\">\n\t\t\t\t\t\t\t\t\t<h3><strong>What is Emergency and Crisis Counseling:<\/strong><\/h3><p><span style=\"font-weight: 400;\"> Emergency and crisis counseling is a psychological support service designed to ensure the emotional and psychological well-being of employees or managers as a result of an emergency or crisis. These situations can include natural disasters, epidemics, terrorist attacks, occupational accidents, violence, suicides and other emergencies. This counseling service is used to help individuals cope with stress by meeting their emotional needs. In addition, by providing psychological support in case of crisis, it helps the institution to return to its normal life. <\/span><span style=\"font-weight: 400;\">Emergency and crisis counseling is driven by the functioning of the disaster and emergency psychosocial management system (DE-PMS) as a model.<\/span><\/p><h4><strong>What is Disaster and Emergency Psychosocial Support Management System?<br \/>(DE-PMS)<\/strong><\/h4><p><span style=\"font-weight: 400;\">It is a management system developed for workplaces in order to meet the psychosocial needs of employees affected by crisis situations such as natural disasters, disasters, emergencies, terrorist incidents, pandemics and social events.<\/span><\/p>\t\t\t\t\t\t\t\t<\/div>\n\t\t\t\t<\/div>\n\t\t\t\t\t<\/div>\n\t\t<\/div>\n\t\t\t\t<div class=\"elementor-column elementor-col-50 elementor-top-column elementor-element elementor-element-4cca6f7\" data-id=\"4cca6f7\" data-element_type=\"column\" data-settings=\"{&quot;background_background&quot;:&quot;classic&quot;}\">\n\t\t\t<div class=\"elementor-widget-wrap elementor-element-populated\">\n\t\t\t\t\t\t<div class=\"elementor-element elementor-element-a33d980 elementor-widget elementor-widget-image\" data-id=\"a33d980\" data-element_type=\"widget\" data-widget_type=\"image.default\">\n\t\t\t\t<div class=\"elementor-widget-container\">\n\t\t\t\t\t\t\t\t\t\t\t\t\t\t\t<img fetchpriority=\"high\" decoding=\"async\" width=\"640\" height=\"640\" src=\"https:\/\/worknhuman.com\/wp-content\/uploads\/2023\/03\/38-1024x1024.jpg\" class=\"attachment-large size-large wp-image-8213\" alt=\"\" srcset=\"https:\/\/worknhuman.com\/wp-content\/uploads\/2023\/03\/38-1024x1024.jpg 1024w, https:\/\/worknhuman.com\/wp-content\/uploads\/2023\/03\/38-300x300.jpg 300w, https:\/\/worknhuman.com\/wp-content\/uploads\/2023\/03\/38-150x150.jpg 150w, https:\/\/worknhuman.com\/wp-content\/uploads\/2023\/03\/38-768x768.jpg 768w, https:\/\/worknhuman.com\/wp-content\/uploads\/2023\/03\/38-12x12.jpg 12w, https:\/\/worknhuman.com\/wp-content\/uploads\/2023\/03\/38-75x75.jpg 75w, https:\/\/worknhuman.com\/wp-content\/uploads\/2023\/03\/38-600x600.jpg 600w, https:\/\/worknhuman.com\/wp-content\/uploads\/2023\/03\/38-100x100.jpg 100w, https:\/\/worknhuman.com\/wp-content\/uploads\/2023\/03\/38.jpg 1080w\" sizes=\"(max-width: 640px) 100vw, 640px\" \/>\t\t\t\t\t\t\t\t\t\t\t\t\t\t\t<\/div>\n\t\t\t\t<\/div>\n\t\t\t\t\t<\/div>\n\t\t<\/div>\n\t\t\t\t\t<\/div>\n\t\t<\/section>\n\t\t\t\t<section class=\"elementor-section elementor-top-section elementor-element elementor-element-42023913 elementor-section-content-middle elementor-section-full_width elementor-reverse-mobile elementor-section-height-default elementor-section-height-default\" data-id=\"42023913\" data-element_type=\"section\">\n\t\t\t\t\t\t<div class=\"elementor-container elementor-column-gap-no\">\n\t\t\t\t\t<div class=\"elementor-column elementor-col-50 elementor-top-column elementor-element elementor-element-4b1a44cb\" data-id=\"4b1a44cb\" data-element_type=\"column\">\n\t\t\t<div class=\"elementor-widget-wrap elementor-element-populated\">\n\t\t\t\t\t\t<div class=\"elementor-element elementor-element-593b548f elementor-widget elementor-widget-image\" data-id=\"593b548f\" data-element_type=\"widget\" data-widget_type=\"image.default\">\n\t\t\t\t<div class=\"elementor-widget-container\">\n\t\t\t\t\t\t\t\t\t\t\t\t\t\t\t<img decoding=\"async\" width=\"640\" height=\"640\" src=\"https:\/\/worknhuman.com\/wp-content\/uploads\/2023\/03\/61-1024x1024.jpg\" class=\"attachment-large size-large wp-image-8236\" alt=\"\" srcset=\"https:\/\/worknhuman.com\/wp-content\/uploads\/2023\/03\/61-1024x1024.jpg 1024w, https:\/\/worknhuman.com\/wp-content\/uploads\/2023\/03\/61-300x300.jpg 300w, https:\/\/worknhuman.com\/wp-content\/uploads\/2023\/03\/61-150x150.jpg 150w, https:\/\/worknhuman.com\/wp-content\/uploads\/2023\/03\/61-768x768.jpg 768w, https:\/\/worknhuman.com\/wp-content\/uploads\/2023\/03\/61-12x12.jpg 12w, https:\/\/worknhuman.com\/wp-content\/uploads\/2023\/03\/61-75x75.jpg 75w, https:\/\/worknhuman.com\/wp-content\/uploads\/2023\/03\/61-600x600.jpg 600w, https:\/\/worknhuman.com\/wp-content\/uploads\/2023\/03\/61-100x100.jpg 100w, https:\/\/worknhuman.com\/wp-content\/uploads\/2023\/03\/61.jpg 1080w\" sizes=\"(max-width: 640px) 100vw, 640px\" \/>\t\t\t\t\t\t\t\t\t\t\t\t\t\t\t<\/div>\n\t\t\t\t<\/div>\n\t\t\t\t\t<\/div>\n\t\t<\/div>\n\t\t\t\t<div class=\"elementor-column elementor-col-50 elementor-top-column elementor-element elementor-element-5e901dac\" data-id=\"5e901dac\" data-element_type=\"column\">\n\t\t\t<div class=\"elementor-widget-wrap elementor-element-populated\">\n\t\t\t\t\t\t<div class=\"elementor-element elementor-element-1a40a9f3 elementor-widget elementor-widget-heading\" data-id=\"1a40a9f3\" data-element_type=\"widget\" data-widget_type=\"heading.default\">\n\t\t\t\t<div class=\"elementor-widget-container\">\n\t\t\t\t\t<h2 class=\"elementor-heading-title elementor-size-default\">WHY IS IT IMPORTANT?<\/h2>\t\t\t\t<\/div>\n\t\t\t\t<\/div>\n\t\t\t\t<div class=\"elementor-element elementor-element-55051260 elementor-widget elementor-widget-text-editor\" data-id=\"55051260\" data-element_type=\"widget\" data-widget_type=\"text-editor.default\">\n\t\t\t\t<div class=\"elementor-widget-container\">\n\t\t\t\t\t\t\t\t\t<h3><strong>According to PwC&#039;s Global Crisis Survey data (2021);<\/strong><\/h3>\n<ul>\n<li style=\"font-weight: 400;\" aria-level=\"1\"><span style=\"font-weight: 400;\">K\u00fcresel \u00e7apta i\u015f d\u00fcnyas\u0131 liderlerinin %95\u2019inden fazlas\u0131 kriz y\u00f6netimi yeteneklerinin geli\u015ftirmesi gerekti\u011fini ifade etti.<\/span><\/li>\n<li style=\"font-weight: 400;\" aria-level=\"1\"><span style=\"font-weight: 400;\">CEO\u2019lar\u0131n %65\u2019i ge\u00e7ti\u011fimiz \u00fc\u00e7 y\u0131l i\u00e7erisinde en az bir kez acil durum veya kriz ya\u015fad\u0131\u011f\u0131n\u0131 belirtti.<\/span><\/li>\n<\/ul>\n<h3><strong>According to JOTW data (2019);<\/strong><\/h3>\n<ul>\n<li style=\"font-weight: 400;\" aria-level=\"1\"><span style=\"font-weight: 400;\">\u0130\u015fletmelerin yaln\u0131zca %45\u2019i belgelenmi\u015f bir \u015fekilde kriz ileti\u015fim plan\u0131na sahiptir.<\/span><\/li>\n<\/ul>\n<h3><strong>According to McKinsey data (2020);<\/strong><\/h3>\n<ul>\n<li style=\"font-weight: 400;\" aria-level=\"1\"><span style=\"font-weight: 400;\">Y\u00f6neticilerin %90\u2019\u0131 krizlerin i\u015f g\u00fc\u00e7lerindeki \u00fcretkenli\u011fi ve \u00e7al\u0131\u015fanlar\u0131n davran\u0131\u015flar\u0131n\u0131 etkiledi\u011fini bildirdi.<\/span><\/li>\n<\/ul>\t\t\t\t\t\t\t\t<\/div>\n\t\t\t\t<\/div>\n\t\t\t\t\t<\/div>\n\t\t<\/div>\n\t\t\t\t\t<\/div>\n\t\t<\/section>\n\t\t\t\t<section class=\"elementor-section elementor-top-section elementor-element elementor-element-1818b2fc elementor-section-content-middle elementor-section-full_width elementor-section-height-default elementor-section-height-default\" data-id=\"1818b2fc\" data-element_type=\"section\">\n\t\t\t\t\t\t<div class=\"elementor-container elementor-column-gap-no\">\n\t\t\t\t\t<div class=\"elementor-column elementor-col-50 elementor-top-column elementor-element elementor-element-2e69f9ed\" data-id=\"2e69f9ed\" data-element_type=\"column\">\n\t\t\t<div class=\"elementor-widget-wrap elementor-element-populated\">\n\t\t\t\t\t\t<div class=\"elementor-element elementor-element-6bf4c88a elementor-widget elementor-widget-heading\" data-id=\"6bf4c88a\" data-element_type=\"widget\" data-widget_type=\"heading.default\">\n\t\t\t\t<div class=\"elementor-widget-container\">\n\t\t\t\t\t<h2 class=\"elementor-heading-title elementor-size-default\">CONSULTING Details<\/h2>\t\t\t\t<\/div>\n\t\t\t\t<\/div>\n\t\t\t\t<div class=\"elementor-element elementor-element-1681bf9c elementor-widget elementor-widget-text-editor\" data-id=\"1681bf9c\" data-element_type=\"widget\" data-widget_type=\"text-editor.default\">\n\t\t\t\t<div class=\"elementor-widget-container\">\n\t\t\t\t\t\t\t\t\t<p><span style=\"font-weight: 400;\">Emergency and crisis situations affect the normal routines and functioning of institutions. In such cases, it is of great importance that institutions provide psychological support to their employees and managers. Emergency and crisis counseling comes into play at this point and supports the emotional and psychological well-being of employees or managers as a result of the institutions encountering an emergency or crisis. This consultancy service covers all processes from pre-crisis preparations to crisis interventions and post-crisis recovery works. In this way, institutions can effectively prevent and manage emergencies and crises with the right preparedness and response strategies.<\/span><\/p>\t\t\t\t\t\t\t\t<\/div>\n\t\t\t\t<\/div>\n\t\t\t\t\t<\/div>\n\t\t<\/div>\n\t\t\t\t<div class=\"elementor-column elementor-col-50 elementor-top-column elementor-element elementor-element-3571d5ed\" data-id=\"3571d5ed\" data-element_type=\"column\">\n\t\t\t<div class=\"elementor-widget-wrap elementor-element-populated\">\n\t\t\t\t\t\t<div class=\"elementor-element elementor-element-77b12bee elementor-widget elementor-widget-image\" data-id=\"77b12bee\" data-element_type=\"widget\" data-widget_type=\"image.default\">\n\t\t\t\t<div class=\"elementor-widget-container\">\n\t\t\t\t\t\t\t\t\t\t\t\t\t\t\t<img decoding=\"async\" width=\"640\" height=\"640\" src=\"https:\/\/worknhuman.com\/wp-content\/uploads\/2023\/03\/49-1024x1024.jpg\" class=\"attachment-large size-large wp-image-8224\" alt=\"\" srcset=\"https:\/\/worknhuman.com\/wp-content\/uploads\/2023\/03\/49-1024x1024.jpg 1024w, https:\/\/worknhuman.com\/wp-content\/uploads\/2023\/03\/49-300x300.jpg 300w, https:\/\/worknhuman.com\/wp-content\/uploads\/2023\/03\/49-150x150.jpg 150w, https:\/\/worknhuman.com\/wp-content\/uploads\/2023\/03\/49-768x768.jpg 768w, https:\/\/worknhuman.com\/wp-content\/uploads\/2023\/03\/49-12x12.jpg 12w, https:\/\/worknhuman.com\/wp-content\/uploads\/2023\/03\/49-75x75.jpg 75w, https:\/\/worknhuman.com\/wp-content\/uploads\/2023\/03\/49-600x600.jpg 600w, https:\/\/worknhuman.com\/wp-content\/uploads\/2023\/03\/49-100x100.jpg 100w, https:\/\/worknhuman.com\/wp-content\/uploads\/2023\/03\/49.jpg 1080w\" sizes=\"(max-width: 640px) 100vw, 640px\" \/>\t\t\t\t\t\t\t\t\t\t\t\t\t\t\t<\/div>\n\t\t\t\t<\/div>\n\t\t\t\t\t<\/div>\n\t\t<\/div>\n\t\t\t\t\t<\/div>\n\t\t<\/section>\n\t\t\t\t<section class=\"elementor-section elementor-top-section elementor-element elementor-element-81bde15 elementor-section-content-middle elementor-reverse-tablet elementor-reverse-mobile elementor-section-boxed elementor-section-height-default elementor-section-height-default\" data-id=\"81bde15\" data-element_type=\"section\">\n\t\t\t\t\t\t<div class=\"elementor-container elementor-column-gap-no\">\n\t\t\t\t\t<div class=\"elementor-column elementor-col-100 elementor-top-column elementor-element elementor-element-42769ea1\" data-id=\"42769ea1\" data-element_type=\"column\">\n\t\t\t<div class=\"elementor-widget-wrap elementor-element-populated\">\n\t\t\t\t\t\t<div class=\"elementor-element elementor-element-71a0c83e elementor-widget elementor-widget-heading\" data-id=\"71a0c83e\" data-element_type=\"widget\" data-widget_type=\"heading.default\">\n\t\t\t\t<div class=\"elementor-widget-container\">\n\t\t\t\t\t<h3 class=\"elementor-heading-title elementor-size-default\">CONTACT US<\/h3>\t\t\t\t<\/div>\n\t\t\t\t<\/div>\n\t\t\t\t<div class=\"elementor-element elementor-element-ed485fb elementor-widget elementor-widget-text-editor\" data-id=\"ed485fb\" data-element_type=\"widget\" data-widget_type=\"text-editor.default\">\n\t\t\t\t<div class=\"elementor-widget-container\">\n\t\t\t\t\t\t\t\t\t<p><span style=\"font-weight: 400;\">Contact us in order to identify the risks that negatively affect the ordinary activities of the workplace with the stages of preparation before, during and after the emergency and crisis moments, to ensure the continuity of the business and to manage it with a holistic perspective.\u00a0<\/span><\/p>\t\t\t\t\t\t\t\t<\/div>\n\t\t\t\t<\/div>\n\t\t\t\t<div class=\"elementor-element elementor-element-9c45cf0 elementor-align-center elementor-mobile-align-center elementor-widget elementor-widget-button\" data-id=\"9c45cf0\" data-element_type=\"widget\" data-widget_type=\"button.default\">\n\t\t\t\t<div class=\"elementor-widget-container\">\n\t\t\t\t\t\t\t\t\t<div class=\"elementor-button-wrapper\">\n\t\t\t\t\t<a class=\"elementor-button elementor-button-link elementor-size-sm\" href=\"https:\/\/api.whatsapp.com\/send\/?phone=905356249035&#038;text&#038;type=phone_number&#038;app_absent=0\">\n\t\t\t\t\t\t<span class=\"elementor-button-content-wrapper\">\n\t\t\t\t\t\t\t\t\t<span class=\"elementor-button-text\">contact us<\/span>\n\t\t\t\t\t<\/span>\n\t\t\t\t\t<\/a>\n\t\t\t\t<\/div>\n\t\t\t\t\t\t\t\t<\/div>\n\t\t\t\t<\/div>\n\t\t\t\t<div class=\"elementor-element elementor-element-f966a8a elementor-widget-divider--view-line elementor-widget elementor-widget-divider\" data-id=\"f966a8a\" data-element_type=\"widget\" data-widget_type=\"divider.default\">\n\t\t\t\t<div class=\"elementor-widget-container\">\n\t\t\t\t\t\t\t<div class=\"elementor-divider\">\n\t\t\t<span class=\"elementor-divider-separator\">\n\t\t\t\t\t\t<\/span>\n\t\t<\/div>\n\t\t\t\t\t\t<\/div>\n\t\t\t\t<\/div>\n\t\t\t\t\t<\/div>\n\t\t<\/div>\n\t\t\t\t\t<\/div>\n\t\t<\/section>\n\t\t\t\t<\/div>","protected":false},"excerpt":{"rendered":"<p>WHY? What is Emergency and Crisis Counseling: Emergency and crisis counseling is used to ensure the emotional and psychological well-being of employees or managers as a result of an emergency or crisis. <\/p>","protected":false},"author":1,"featured_media":0,"parent":0,"menu_order":0,"comment_status":"closed","ping_status":"closed","template":"","meta":{"footnotes":""},"class_list":["post-283","page","type-page","status-publish","hentry"],"_links":{"self":[{"href":"https:\/\/worknhuman.com\/en\/wp-json\/wp\/v2\/pages\/283","targetHints":{"allow":["GET"]}}],"collection":[{"href":"https:\/\/worknhuman.com\/en\/wp-json\/wp\/v2\/pages"}],"about":[{"href":"https:\/\/worknhuman.com\/en\/wp-json\/wp\/v2\/types\/page"}],"author":[{"embeddable":true,"href":"https:\/\/worknhuman.com\/en\/wp-json\/wp\/v2\/users\/1"}],"replies":[{"embeddable":true,"href":"https:\/\/worknhuman.com\/en\/wp-json\/wp\/v2\/comments?post=283"}],"version-history":[{"count":0,"href":"https:\/\/worknhuman.com\/en\/wp-json\/wp\/v2\/pages\/283\/revisions"}],"wp:attachment":[{"href":"https:\/\/worknhuman.com\/en\/wp-json\/wp\/v2\/media?parent=283"}],"curies":[{"name":"wp","href":"https:\/\/api.w.org\/{rel}","templated":true}]}}