{"id":163,"date":"2022-09-14T08:32:44","date_gmt":"2022-09-14T08:32:44","guid":{"rendered":"https:\/\/worknhuman.com\/?page_id=163"},"modified":"2022-09-30T10:48:12","modified_gmt":"2022-09-30T10:48:12","slug":"nhuman-wallpaper-koleksiyonu","status":"publish","type":"page","link":"https:\/\/worknhuman.com\/en\/nhuman-wallpaper-koleksiyonu\/","title":{"rendered":"NHUMAN Wallpaper Collection"},"content":{"rendered":"<p><img decoding=\"async\" class=\"aligncenter\" src=\"https:\/\/www.nhumandanismanlik.com\/myimages\/wallpapercollectionmockup.png\" data-cke-saved-src=\"https:\/\/www.nhumandanismanlik.com\/myimages\/wallpapercollectionmockup.png\" \/><\/p>\n<h1 style=\"text-align: center;\"><strong>N_HumaN Wallpaper Koleksiyonu<\/strong><\/h1>\n<p style=\"text-align: center;\">\u0130ndirmek i\u00e7in\u00a0g\u00f6rseli a\u00e7\u0131n\u00a0ve sa\u011f t\u0131klay\u0131p &#8220;resmi kaydet&#8221;e\u00a0bas\u0131n. Open the picture do\u00a0a right click and\u00a0click &#8220;save image&#8221; for download.<\/p>\n<hr \/>\n<p style=\"text-align: center;\"><strong>PC ve\u00a0MAC Masa\u00fcst\u00fc i\u00e7in<\/strong><\/p>\n<p style=\"text-align: center;\"><a href=\"https:\/\/www.nhumandanismanlik.com\/myfiles\/1-N_HumaN%20Wallpaper%20Collection%20for%20Desktops.png\" data-cke-saved-href=\"https:\/\/www.nhumandanismanlik.com\/myfiles\/1-N_HumaN%20Wallpaper%20Collection%20for%20Desktops.png\"><img decoding=\"async\" class=\"aligncenter\" src=\"https:\/\/www.nhumandanismanlik.com\/myimages\/1-n-human-wallpaper-collection-for-desktops.png\" data-cke-saved-src=\"https:\/\/www.nhumandanismanlik.com\/myimages\/1-n-human-wallpaper-collection-for-desktops.png\" \/><\/a><\/p>\n<p style=\"text-align: center;\"><a href=\"https:\/\/www.nhumandanismanlik.com\/myfiles\/2-N_HumaN%20Wallpaper%20Collection%20for%20Desktops.png\" data-cke-saved-href=\"https:\/\/www.nhumandanismanlik.com\/myfiles\/2-N_HumaN%20Wallpaper%20Collection%20for%20Desktops.png\"><img decoding=\"async\" src=\"https:\/\/www.nhumandanismanlik.com\/myimages\/2-n-human-wallpaper-collection-for-desktops.png\" data-cke-saved-src=\"https:\/\/www.nhumandanismanlik.com\/myimages\/2-n-human-wallpaper-collection-for-desktops.png\" \/><\/a><\/p>\n<p style=\"text-align: center;\"><a href=\"https:\/\/www.nhumandanismanlik.com\/myfiles\/3-N_HumaN%20Wallpaper%20Collection%20for%20Desktops.png\" data-cke-saved-href=\"https:\/\/www.nhumandanismanlik.com\/myfiles\/3-N_HumaN%20Wallpaper%20Collection%20for%20Desktops.png\"><img decoding=\"async\" src=\"https:\/\/www.nhumandanismanlik.com\/myimages\/3-n-human-wallpaper-collection-for-desktops.png\" data-cke-saved-src=\"https:\/\/www.nhumandanismanlik.com\/myimages\/3-n-human-wallpaper-collection-for-desktops.png\" \/><\/a><\/p>\n<p style=\"text-align: center;\"><a href=\"https:\/\/www.nhumandanismanlik.com\/myfiles\/9-N_HumaN%20Wallpaper%20Collection%20for%20Desktops.png\" data-cke-saved-href=\"https:\/\/www.nhumandanismanlik.com\/myfiles\/9-N_HumaN%20Wallpaper%20Collection%20for%20Desktops.png\"><img decoding=\"async\" src=\"https:\/\/www.nhumandanismanlik.com\/myimages\/9-n-human-wallpaper-collection-for-desktops.png\" data-cke-saved-src=\"https:\/\/www.nhumandanismanlik.com\/myimages\/9-n-human-wallpaper-collection-for-desktops.png\" \/><\/a><\/p>\n<p style=\"text-align: center;\"><a href=\"https:\/\/www.nhumandanismanlik.com\/myfiles\/10-N_HumaN%20Wallpaper%20Collection%20for%20Desktops.png\" data-cke-saved-href=\"https:\/\/www.nhumandanismanlik.com\/myfiles\/10-N_HumaN%20Wallpaper%20Collection%20for%20Desktops.png\"><img decoding=\"async\" src=\"https:\/\/www.nhumandanismanlik.com\/myimages\/10-n-human-wallpaper-collection-for-desktops.png\" data-cke-saved-src=\"https:\/\/www.nhumandanismanlik.com\/myimages\/10-n-human-wallpaper-collection-for-desktops.png\" \/><\/a><\/p>\n<p style=\"text-align: center;\"><a href=\"https:\/\/www.nhumandanismanlik.com\/myfiles\/4-N_HumaN%20Wallpaper%20Collection%20for%20Desktops.png\" data-cke-saved-href=\"https:\/\/www.nhumandanismanlik.com\/myfiles\/4-N_HumaN%20Wallpaper%20Collection%20for%20Desktops.png\"><img decoding=\"async\" src=\"https:\/\/www.nhumandanismanlik.com\/myimages\/4-n-human-wallpaper-collection-for-desktops.png\" data-cke-saved-src=\"https:\/\/www.nhumandanismanlik.com\/myimages\/4-n-human-wallpaper-collection-for-desktops.png\" \/><\/a><\/p>\n<p style=\"text-align: center;\"><a href=\"https:\/\/www.nhumandanismanlik.com\/myfiles\/5-N_HumaN%20Wallpaper%20Collection%20for%20Desktops.png\" data-cke-saved-href=\"https:\/\/www.nhumandanismanlik.com\/myfiles\/5-N_HumaN%20Wallpaper%20Collection%20for%20Desktops.png\"><img decoding=\"async\" src=\"https:\/\/www.nhumandanismanlik.com\/myimages\/5-n-human-wallpaper-collection-for-desktops.png\" data-cke-saved-src=\"https:\/\/www.nhumandanismanlik.com\/myimages\/5-n-human-wallpaper-collection-for-desktops.png\" \/><\/a><\/p>\n<p style=\"text-align: center;\"><a href=\"https:\/\/www.nhumandanismanlik.com\/myfiles\/6-N_HumaN%20Wallpaper%20Collection%20for%20Desktops.png\" data-cke-saved-href=\"https:\/\/www.nhumandanismanlik.com\/myfiles\/6-N_HumaN%20Wallpaper%20Collection%20for%20Desktops.png\"><img decoding=\"async\" src=\"https:\/\/www.nhumandanismanlik.com\/myimages\/6-n-human-wallpaper-collection-for-desktops.png\" data-cke-saved-src=\"https:\/\/www.nhumandanismanlik.com\/myimages\/6-n-human-wallpaper-collection-for-desktops.png\" \/><\/a><\/p>\n<p style=\"text-align: center;\"><a href=\"https:\/\/www.nhumandanismanlik.com\/myfiles\/7-N_HumaN%20Wallpaper%20Collection%20for%20Desktops.png\" data-cke-saved-href=\"https:\/\/www.nhumandanismanlik.com\/myfiles\/7-N_HumaN%20Wallpaper%20Collection%20for%20Desktops.png\"><img decoding=\"async\" src=\"https:\/\/www.nhumandanismanlik.com\/myimages\/7-n-human-wallpaper-collection-for-desktops.png\" data-cke-saved-src=\"https:\/\/www.nhumandanismanlik.com\/myimages\/7-n-human-wallpaper-collection-for-desktops.png\" \/><\/a><\/p>\n<p style=\"text-align: center;\"><a href=\"https:\/\/www.nhumandanismanlik.com\/myfiles\/8-N_HumaN%20Wallpaper%20Collection%20for%20Desktops.png\" data-cke-saved-href=\"https:\/\/www.nhumandanismanlik.com\/myfiles\/8-N_HumaN%20Wallpaper%20Collection%20for%20Desktops.png\"><img decoding=\"async\" src=\"https:\/\/www.nhumandanismanlik.com\/myimages\/8-n-human-wallpaper-collection-for-desktops.png\" data-cke-saved-src=\"https:\/\/www.nhumandanismanlik.com\/myimages\/8-n-human-wallpaper-collection-for-desktops.png\" \/><\/a><\/p>\n<p style=\"text-align: center;\"><a href=\"https:\/\/www.nhumandanismanlik.com\/myfiles\/11-N_HumaN%20Wallpaper%20Collection%20for%20Desktops.png\" data-cke-saved-href=\"https:\/\/www.nhumandanismanlik.com\/myfiles\/11-N_HumaN%20Wallpaper%20Collection%20for%20Desktops.png\"><img decoding=\"async\" src=\"https:\/\/www.nhumandanismanlik.com\/myimages\/11-n-human-wallpaper-collection-for-desktops.png\" data-cke-saved-src=\"https:\/\/www.nhumandanismanlik.com\/myimages\/11-n-human-wallpaper-collection-for-desktops.png\" \/><\/a><\/p>\n<hr \/>\n<p style=\"text-align: center;\"><strong>Android ve iOS Telefonlar i\u00e7in\u00a0<\/strong><\/p>\n<p style=\"text-align: center;\"><a href=\"https:\/\/www.nhumandanismanlik.com\/myfiles\/1-N_HumaN%20Wallpaper%20Collection%20for%20Smartphones.png\" data-cke-saved-href=\"https:\/\/www.nhumandanismanlik.com\/myfiles\/1-N_HumaN%20Wallpaper%20Collection%20for%20Smartphones.png\"><img decoding=\"async\" src=\"https:\/\/www.nhumandanismanlik.com\/myimages\/1-n-human-wallpaper-collection-for-smartphones-1.png\" data-cke-saved-src=\"https:\/\/www.nhumandanismanlik.com\/myimages\/1-n-human-wallpaper-collection-for-smartphones-1.png\" \/><\/a><\/p>\n<p style=\"text-align: center;\"><a href=\"https:\/\/www.nhumandanismanlik.com\/myfiles\/2-N_HumaN%20Wallpaper%20Collection%20for%20Smartphones.png\" data-cke-saved-href=\"https:\/\/www.nhumandanismanlik.com\/myfiles\/2-N_HumaN%20Wallpaper%20Collection%20for%20Smartphones.png\"><img decoding=\"async\" src=\"https:\/\/www.nhumandanismanlik.com\/myimages\/2-n-human-wallpaper-collection-for-smartphones-1.png\" data-cke-saved-src=\"https:\/\/www.nhumandanismanlik.com\/myimages\/2-n-human-wallpaper-collection-for-smartphones-1.png\" \/><\/a><\/p>\n<p style=\"text-align: center;\"><a href=\"https:\/\/www.nhumandanismanlik.com\/myfiles\/3-N_HumaN%20Wallpaper%20Collection%20for%20Smartphones.png\" data-cke-saved-href=\"https:\/\/www.nhumandanismanlik.com\/myfiles\/3-N_HumaN%20Wallpaper%20Collection%20for%20Smartphones.png\"><img decoding=\"async\" src=\"https:\/\/www.nhumandanismanlik.com\/myimages\/3-n-human-wallpaper-collection-for-smartphones.png\" data-cke-saved-src=\"https:\/\/www.nhumandanismanlik.com\/myimages\/3-n-human-wallpaper-collection-for-smartphones.png\" \/><\/a><\/p>\n<p style=\"text-align: center;\"><a href=\"https:\/\/www.nhumandanismanlik.com\/myfiles\/9-N_HumaN%20Wallpaper%20Collection%20for%20Smartphones.png\" data-cke-saved-href=\"https:\/\/www.nhumandanismanlik.com\/myfiles\/9-N_HumaN%20Wallpaper%20Collection%20for%20Smartphones.png\"><img decoding=\"async\" src=\"https:\/\/www.nhumandanismanlik.com\/myimages\/9-n-human-wallpaper-collection-for-smartphones.png\" data-cke-saved-src=\"https:\/\/www.nhumandanismanlik.com\/myimages\/9-n-human-wallpaper-collection-for-smartphones.png\" \/><\/a><\/p>\n<p style=\"text-align: center;\"><a href=\"https:\/\/www.nhumandanismanlik.com\/myfiles\/10-N_HumaN%20Wallpaper%20Collection%20for%20Smartphones.png\" data-cke-saved-href=\"https:\/\/www.nhumandanismanlik.com\/myfiles\/10-N_HumaN%20Wallpaper%20Collection%20for%20Smartphones.png\"><img decoding=\"async\" src=\"https:\/\/www.nhumandanismanlik.com\/myimages\/10-n-human-wallpaper-collection-for-smartphones.png\" data-cke-saved-src=\"https:\/\/www.nhumandanismanlik.com\/myimages\/10-n-human-wallpaper-collection-for-smartphones.png\" \/><\/a><\/p>\n<p style=\"text-align: center;\"><a href=\"https:\/\/www.nhumandanismanlik.com\/myfiles\/4-N_HumaN%20Wallpaper%20Collection%20for%20Smartphones.png\" data-cke-saved-href=\"https:\/\/www.nhumandanismanlik.com\/myfiles\/4-N_HumaN%20Wallpaper%20Collection%20for%20Smartphones.png\"><img decoding=\"async\" src=\"https:\/\/www.nhumandanismanlik.com\/myimages\/4-n-human-wallpaper-collection-for-smartphones.png\" data-cke-saved-src=\"https:\/\/www.nhumandanismanlik.com\/myimages\/4-n-human-wallpaper-collection-for-smartphones.png\" \/><\/a><\/p>\n<p style=\"text-align: center;\"><a href=\"https:\/\/www.nhumandanismanlik.com\/myfiles\/5-N_HumaN%20Wallpaper%20Collection%20for%20Smartphones.png\" data-cke-saved-href=\"https:\/\/www.nhumandanismanlik.com\/myfiles\/5-N_HumaN%20Wallpaper%20Collection%20for%20Smartphones.png\"><img decoding=\"async\" src=\"https:\/\/www.nhumandanismanlik.com\/myimages\/5-n-human-wallpaper-collection-for-smartphones.png\" data-cke-saved-src=\"https:\/\/www.nhumandanismanlik.com\/myimages\/5-n-human-wallpaper-collection-for-smartphones.png\" \/><\/a><\/p>\n<p style=\"text-align: center;\"><a href=\"https:\/\/www.nhumandanismanlik.com\/myfiles\/6-N_HumaN%20Wallpaper%20Collection%20for%20Smartphones.png\" data-cke-saved-href=\"https:\/\/www.nhumandanismanlik.com\/myfiles\/6-N_HumaN%20Wallpaper%20Collection%20for%20Smartphones.png\"><img decoding=\"async\" src=\"https:\/\/www.nhumandanismanlik.com\/myimages\/6-n-human-wallpaper-collection-for-smartphones.png\" data-cke-saved-src=\"https:\/\/www.nhumandanismanlik.com\/myimages\/6-n-human-wallpaper-collection-for-smartphones.png\" \/><\/a><\/p>\n<p style=\"text-align: center;\"><a href=\"https:\/\/www.nhumandanismanlik.com\/myfiles\/7-N_HumaN%20Wallpaper%20Collection%20for%20Smartphones.png\" data-cke-saved-href=\"https:\/\/www.nhumandanismanlik.com\/myfiles\/7-N_HumaN%20Wallpaper%20Collection%20for%20Smartphones.png\"><img decoding=\"async\" src=\"https:\/\/www.nhumandanismanlik.com\/myimages\/7-n-human-wallpaper-collection-for-smartphones.png\" data-cke-saved-src=\"https:\/\/www.nhumandanismanlik.com\/myimages\/7-n-human-wallpaper-collection-for-smartphones.png\" \/><\/a><\/p>\n<p style=\"text-align: center;\"><a href=\"https:\/\/www.nhumandanismanlik.com\/myfiles\/8-N_HumaN%20Wallpaper%20Collection%20for%20Smartphones.png\" data-cke-saved-href=\"https:\/\/www.nhumandanismanlik.com\/myfiles\/8-N_HumaN%20Wallpaper%20Collection%20for%20Smartphones.png\"><img decoding=\"async\" src=\"https:\/\/www.nhumandanismanlik.com\/myimages\/8-n-human-wallpaper-collection-for-smartphones.png\" data-cke-saved-src=\"https:\/\/www.nhumandanismanlik.com\/myimages\/8-n-human-wallpaper-collection-for-smartphones.png\" \/><\/a><\/p>\n<p><a href=\"https:\/\/www.nhumandanismanlik.com\/myfiles\/11-N_HumaN%20Wallpaper%20Collection%20for%20Smartphones.png\" data-cke-saved-href=\"https:\/\/www.nhumandanismanlik.com\/myfiles\/11-N_HumaN%20Wallpaper%20Collection%20for%20Smartphones.png\"><img decoding=\"async\" class=\"aligncenter\" src=\"https:\/\/www.nhumandanismanlik.com\/myimages\/11-n-human-wallpaper-collection-for-smartphones.png\" data-cke-saved-src=\"https:\/\/www.nhumandanismanlik.com\/myimages\/11-n-human-wallpaper-collection-for-smartphones.png\" \/><\/a><\/p>","protected":false},"excerpt":{"rendered":"<p>N_HumaN Wallpaper Koleksiyonu \u0130ndirmek i\u00e7in\u00a0g\u00f6rseli a\u00e7\u0131n\u00a0ve sa\u011f t\u0131klay\u0131p &#8220;resmi kaydet&#8221;e\u00a0bas\u0131n. Open the picture do\u00a0a right click and\u00a0click &#8220;save image&#8221; for download. PC ve\u00a0MAC Masa\u00fcst\u00fc i\u00e7in Android ve iOS Telefonlar i\u00e7in\u00a0<\/p>","protected":false},"author":1,"featured_media":0,"parent":0,"menu_order":0,"comment_status":"closed","ping_status":"closed","template":"","meta":{"footnotes":""},"class_list":["post-163","page","type-page","status-publish","hentry"],"_links":{"self":[{"href":"https:\/\/worknhuman.com\/en\/wp-json\/wp\/v2\/pages\/163","targetHints":{"allow":["GET"]}}],"collection":[{"href":"https:\/\/worknhuman.com\/en\/wp-json\/wp\/v2\/pages"}],"about":[{"href":"https:\/\/worknhuman.com\/en\/wp-json\/wp\/v2\/types\/page"}],"author":[{"embeddable":true,"href":"https:\/\/worknhuman.com\/en\/wp-json\/wp\/v2\/users\/1"}],"replies":[{"embeddable":true,"href":"https:\/\/worknhuman.com\/en\/wp-json\/wp\/v2\/comments?post=163"}],"version-history":[{"count":0,"href":"https:\/\/worknhuman.com\/en\/wp-json\/wp\/v2\/pages\/163\/revisions"}],"wp:attachment":[{"href":"https:\/\/worknhuman.com\/en\/wp-json\/wp\/v2\/media?parent=163"}],"curies":[{"name":"wp","href":"https:\/\/api.w.org\/{rel}","templated":true}]}}