{"id":14339,"date":"2025-12-04T17:36:33","date_gmt":"2025-12-04T14:36:33","guid":{"rendered":"https:\/\/worknhuman.com\/?page_id=14339"},"modified":"2026-01-13T11:04:14","modified_gmt":"2026-01-13T08:04:14","slug":"psikolojik-saglik-ve-guvenlik-cozumleri","status":"publish","type":"page","link":"https:\/\/worknhuman.com\/en\/psikolojik-saglik-ve-guvenlik-cozumleri\/","title":{"rendered":"PS\u0130KOLOJ\u0130K SA\u011eLIK VE G\u00dcVENL\u0130K \u00c7\u00d6Z\u00dcMLER\u0130"},"content":{"rendered":"<div data-elementor-type=\"wp-page\" data-elementor-id=\"14339\" class=\"elementor elementor-14339\">\n\t\t\t\t<div class=\"elementor-element elementor-element-2183bc1d e-con-full e-flex e-con e-parent\" data-id=\"2183bc1d\" data-element_type=\"container\" id=\"next\">\n\t\t\t\t<div class=\"elementor-element elementor-element-161cf07 elementor-widget elementor-widget-heading\" data-id=\"161cf07\" data-element_type=\"widget\" data-widget_type=\"heading.default\">\n\t\t\t\t<div class=\"elementor-widget-container\">\n\t\t\t\t\t<h3 class=\"elementor-heading-title elementor-size-default\">Psikolojik Sa\u011fl\u0131k ve G\u00fcvenlik \u00c7\u00f6z\u00fcmleri<\/h3>\t\t\t\t<\/div>\n\t\t\t\t<\/div>\n\t\t\t\t<div class=\"elementor-element elementor-element-705b9209 elementor-widget elementor-widget-heading\" data-id=\"705b9209\" data-element_type=\"widget\" data-widget_type=\"heading.default\">\n\t\t\t\t<div class=\"elementor-widget-container\">\n\t\t\t\t\t<p class=\"elementor-heading-title elementor-size-default\">PSG Suites<\/p>\t\t\t\t<\/div>\n\t\t\t\t<\/div>\n\t\t<div class=\"elementor-element elementor-element-f416d83 e-con-full e-flex e-con e-child\" data-id=\"f416d83\" data-element_type=\"container\">\n\t\t<div class=\"elementor-element elementor-element-6a02b780 e-con-full e-flex e-con e-child\" data-id=\"6a02b780\" data-element_type=\"container\">\n\t\t\t\t<div class=\"elementor-element elementor-element-74b2996 elementor-position-top elementor-widget elementor-widget-image-box\" data-id=\"74b2996\" data-element_type=\"widget\" data-widget_type=\"image-box.default\">\n\t\t\t\t<div class=\"elementor-widget-container\">\n\t\t\t\t\t<div class=\"elementor-image-box-wrapper\"><figure class=\"elementor-image-box-img\"><a href=\"https:\/\/worknhuman.com\/en\/ise-guvenle-donus-programi\/\" tabindex=\"-1\"><img fetchpriority=\"high\" decoding=\"async\" width=\"1600\" height=\"900\" src=\"https:\/\/worknhuman.com\/wp-content\/uploads\/2025\/12\/ise-guvenli-donus-programi.png\" class=\"elementor-animation-grow attachment-full size-full wp-image-14430\" alt=\"\" srcset=\"https:\/\/worknhuman.com\/wp-content\/uploads\/2025\/12\/ise-guvenli-donus-programi.png 1600w, https:\/\/worknhuman.com\/wp-content\/uploads\/2025\/12\/ise-guvenli-donus-programi-300x169.png 300w, https:\/\/worknhuman.com\/wp-content\/uploads\/2025\/12\/ise-guvenli-donus-programi-1024x576.png 1024w, https:\/\/worknhuman.com\/wp-content\/uploads\/2025\/12\/ise-guvenli-donus-programi-768x432.png 768w, https:\/\/worknhuman.com\/wp-content\/uploads\/2025\/12\/ise-guvenli-donus-programi-1536x864.png 1536w, https:\/\/worknhuman.com\/wp-content\/uploads\/2025\/12\/ise-guvenli-donus-programi-18x10.png 18w, https:\/\/worknhuman.com\/wp-content\/uploads\/2025\/12\/ise-guvenli-donus-programi-600x338.png 600w, https:\/\/worknhuman.com\/wp-content\/uploads\/2025\/12\/ise-guvenli-donus-programi-100x56.png 100w\" sizes=\"(max-width: 1600px) 100vw, 1600px\" \/><\/a><\/figure><div class=\"elementor-image-box-content\"><h4 class=\"elementor-image-box-title\"><a href=\"https:\/\/worknhuman.com\/en\/ise-guvenle-donus-programi\/\">\u0130\u015fe G\u00fcvenle D\u00f6n<\/a><\/h4><p class=\"elementor-image-box-description\">\u00c7al\u0131\u015fanlar\u0131n i\u015f hayat\u0131na  g\u00fcvenli ve sa\u011fl\u0131kl\u0131 \u015fekilde yeniden uyumunu destekleyen yap\u0131land\u0131r\u0131lm\u0131\u015f bir dan\u0131\u015fmanl\u0131k s\u00fcrecidir.\n<\/p><\/div><\/div>\t\t\t\t<\/div>\n\t\t\t\t<\/div>\n\t\t\t\t<div class=\"elementor-element elementor-element-b1c22b8 elementor-widget-divider--separator-type-pattern elementor-widget-divider--no-spacing elementor-widget-divider--view-line elementor-widget elementor-widget-divider\" data-id=\"b1c22b8\" data-element_type=\"widget\" data-widget_type=\"divider.default\">\n\t\t\t\t<div class=\"elementor-widget-container\">\n\t\t\t\t\t\t\t<div class=\"elementor-divider\" style=\"--divider-pattern-url: url(&quot;data:image\/svg+xml,%3Csvg xmlns=&#039;http:\/\/www.w3.org\/2000\/svg&#039; preserveAspectRatio=&#039;xMidYMid meet&#039; overflow=&#039;visible&#039; height=&#039;100%&#039; viewBox=&#039;0 0 126 26&#039; fill=&#039;black&#039; stroke=&#039;none&#039;%3E%3Cpath d=&#039;M3,10.2c2.6,0,2.6,2,2.6,3.2S4.4,16.5,3,16.5s-3-1.4-3-3.2S0.4,10.2,3,10.2z M18.8,10.2c1.7,0,3.2,1.4,3.2,3.2s-1.4,3.2-3.2,3.2c-1.7,0-3.2-1.4-3.2-3.2S17,10.2,18.8,10.2z M34.6,10.2c1.5,0,2.6,1.4,2.6,3.2s-0.5,3.2-1.9,3.2c-1.5,0-3.4-1.4-3.4-3.2S33.1,10.2,34.6,10.2z M50.5,10.2c1.7,0,3.2,1.4,3.2,3.2s-1.4,3.2-3.2,3.2c-1.7,0-3.3-0.9-3.3-2.6S48.7,10.2,50.5,10.2z M66.2,10.2c1.5,0,3.4,1.4,3.4,3.2s-1.9,3.2-3.4,3.2c-1.5,0-2.6-0.4-2.6-2.1S64.8,10.2,66.2,10.2z M82.2,10.2c1.7,0.8,2.6,1.4,2.6,3.2s-0.1,3.2-1.6,3.2c-1.5,0-3.7-1.4-3.7-3.2S80.5,9.4,82.2,10.2zM98.6,10.2c1.5,0,2.6,0.4,2.6,2.1s-1.2,4.2-2.6,4.2c-1.5,0-3.7-0.4-3.7-2.1S97.1,10.2,98.6,10.2z M113.4,10.2c1.2,0,2.2,0.9,2.2,3.2s-0.1,3.2-1.3,3.2s-3.1-1.4-3.1-3.2S112.2,10.2,113.4,10.2z&#039;\/%3E%3C\/svg%3E&quot;);\">\n\t\t\t<span class=\"elementor-divider-separator\">\n\t\t\t\t\t\t<\/span>\n\t\t<\/div>\n\t\t\t\t\t\t<\/div>\n\t\t\t\t<\/div>\n\t\t\t\t<div class=\"elementor-element elementor-element-b97a8b0 elementor-align-center elementor-widget elementor-widget-button\" data-id=\"b97a8b0\" data-element_type=\"widget\" data-widget_type=\"button.default\">\n\t\t\t\t<div class=\"elementor-widget-container\">\n\t\t\t\t\t\t\t\t\t<div class=\"elementor-button-wrapper\">\n\t\t\t\t\t<a class=\"elementor-button elementor-button-link elementor-size-sm\" href=\"https:\/\/worknhuman.com\/en\/ise-guvenle-donus-programi\/\">\n\t\t\t\t\t\t<span class=\"elementor-button-content-wrapper\">\n\t\t\t\t\t\t<span class=\"elementor-button-icon\">\n\t\t\t\t<svg aria-hidden=\"true\" class=\"e-font-icon-svg e-far-arrow-alt-circle-right\" viewbox=\"0 0 512 512\" xmlns=\"http:\/\/www.w3.org\/2000\/svg\"><path d=\"M504 256C504 119 393 8 256 8S8 119 8 256s111 248 248 248 248-111 248-248zm-448 0c0-110.5 89.5-200 200-200s200 89.5 200 200-89.5 200-200 200S56 366.5 56 256zm72 20v-40c0-6.6 5.4-12 12-12h116v-67c0-10.7 12.9-16 20.5-8.5l99 99c4.7 4.7 4.7 12.3 0 17l-99 99c-7.6 7.6-20.5 2.2-20.5-8.5v-67H140c-6.6 0-12-5.4-12-12z\"><\/path><\/svg>\t\t\t<\/span>\n\t\t\t\t\t\t\t\t\t<span class=\"elementor-button-text\">Review<\/span>\n\t\t\t\t\t<\/span>\n\t\t\t\t\t<\/a>\n\t\t\t\t<\/div>\n\t\t\t\t\t\t\t\t<\/div>\n\t\t\t\t<\/div>\n\t\t\t\t<\/div>\n\t\t<div class=\"elementor-element elementor-element-19e03c75 e-con-full e-flex e-con e-child\" data-id=\"19e03c75\" data-element_type=\"container\">\n\t\t\t\t<div class=\"elementor-element elementor-element-50929050 elementor-position-top elementor-widget elementor-widget-image-box\" data-id=\"50929050\" data-element_type=\"widget\" data-widget_type=\"image-box.default\">\n\t\t\t\t<div class=\"elementor-widget-container\">\n\t\t\t\t\t<div class=\"elementor-image-box-wrapper\"><figure class=\"elementor-image-box-img\"><a href=\"https:\/\/worknhuman.com\/en\/is-kazasi-sonrasi-destek\/\" tabindex=\"-1\"><img decoding=\"async\" width=\"1600\" height=\"900\" src=\"https:\/\/worknhuman.com\/wp-content\/uploads\/2025\/12\/is-kazasi-sonrasi-destek-programi.png\" class=\"elementor-animation-grow attachment-full size-full wp-image-14431\" alt=\"\" srcset=\"https:\/\/worknhuman.com\/wp-content\/uploads\/2025\/12\/is-kazasi-sonrasi-destek-programi.png 1600w, https:\/\/worknhuman.com\/wp-content\/uploads\/2025\/12\/is-kazasi-sonrasi-destek-programi-300x169.png 300w, https:\/\/worknhuman.com\/wp-content\/uploads\/2025\/12\/is-kazasi-sonrasi-destek-programi-1024x576.png 1024w, https:\/\/worknhuman.com\/wp-content\/uploads\/2025\/12\/is-kazasi-sonrasi-destek-programi-768x432.png 768w, https:\/\/worknhuman.com\/wp-content\/uploads\/2025\/12\/is-kazasi-sonrasi-destek-programi-1536x864.png 1536w, https:\/\/worknhuman.com\/wp-content\/uploads\/2025\/12\/is-kazasi-sonrasi-destek-programi-18x10.png 18w, https:\/\/worknhuman.com\/wp-content\/uploads\/2025\/12\/is-kazasi-sonrasi-destek-programi-600x338.png 600w, https:\/\/worknhuman.com\/wp-content\/uploads\/2025\/12\/is-kazasi-sonrasi-destek-programi-100x56.png 100w\" sizes=\"(max-width: 1600px) 100vw, 1600px\" \/><\/a><\/figure><div class=\"elementor-image-box-content\"><h4 class=\"elementor-image-box-title\"><a href=\"https:\/\/worknhuman.com\/en\/is-kazasi-sonrasi-destek\/\">\u0130\u015f Kazas\u0131 Sonras\u0131 Destek<\/a><\/h4><p class=\"elementor-image-box-description\">\u0130\u015f kazas\u0131 sonras\u0131 ortaya \u00e7\u0131kan psikolojik etkiler, \u00e7al\u0131\u015fan\u0131n iyilik halini ve i\u015f g\u00fcvenli\u011fini etkiler; bu program g\u00fcvenli i\u015fe d\u00f6n\u00fc\u015f\u00fc destekler.\n<\/p><\/div><\/div>\t\t\t\t<\/div>\n\t\t\t\t<\/div>\n\t\t\t\t<div class=\"elementor-element elementor-element-36c2a46 elementor-widget-divider--separator-type-pattern elementor-widget-divider--no-spacing elementor-widget-divider--view-line elementor-widget elementor-widget-divider\" data-id=\"36c2a46\" data-element_type=\"widget\" data-widget_type=\"divider.default\">\n\t\t\t\t<div class=\"elementor-widget-container\">\n\t\t\t\t\t\t\t<div class=\"elementor-divider\" style=\"--divider-pattern-url: url(&quot;data:image\/svg+xml,%3Csvg xmlns=&#039;http:\/\/www.w3.org\/2000\/svg&#039; preserveAspectRatio=&#039;xMidYMid meet&#039; overflow=&#039;visible&#039; height=&#039;100%&#039; viewBox=&#039;0 0 126 26&#039; fill=&#039;black&#039; stroke=&#039;none&#039;%3E%3Cpath d=&#039;M3,10.2c2.6,0,2.6,2,2.6,3.2S4.4,16.5,3,16.5s-3-1.4-3-3.2S0.4,10.2,3,10.2z M18.8,10.2c1.7,0,3.2,1.4,3.2,3.2s-1.4,3.2-3.2,3.2c-1.7,0-3.2-1.4-3.2-3.2S17,10.2,18.8,10.2z M34.6,10.2c1.5,0,2.6,1.4,2.6,3.2s-0.5,3.2-1.9,3.2c-1.5,0-3.4-1.4-3.4-3.2S33.1,10.2,34.6,10.2z M50.5,10.2c1.7,0,3.2,1.4,3.2,3.2s-1.4,3.2-3.2,3.2c-1.7,0-3.3-0.9-3.3-2.6S48.7,10.2,50.5,10.2z M66.2,10.2c1.5,0,3.4,1.4,3.4,3.2s-1.9,3.2-3.4,3.2c-1.5,0-2.6-0.4-2.6-2.1S64.8,10.2,66.2,10.2z M82.2,10.2c1.7,0.8,2.6,1.4,2.6,3.2s-0.1,3.2-1.6,3.2c-1.5,0-3.7-1.4-3.7-3.2S80.5,9.4,82.2,10.2zM98.6,10.2c1.5,0,2.6,0.4,2.6,2.1s-1.2,4.2-2.6,4.2c-1.5,0-3.7-0.4-3.7-2.1S97.1,10.2,98.6,10.2z M113.4,10.2c1.2,0,2.2,0.9,2.2,3.2s-0.1,3.2-1.3,3.2s-3.1-1.4-3.1-3.2S112.2,10.2,113.4,10.2z&#039;\/%3E%3C\/svg%3E&quot;);\">\n\t\t\t<span class=\"elementor-divider-separator\">\n\t\t\t\t\t\t<\/span>\n\t\t<\/div>\n\t\t\t\t\t\t<\/div>\n\t\t\t\t<\/div>\n\t\t\t\t<div class=\"elementor-element elementor-element-fdc0317 elementor-align-center elementor-widget elementor-widget-button\" data-id=\"fdc0317\" data-element_type=\"widget\" data-widget_type=\"button.default\">\n\t\t\t\t<div class=\"elementor-widget-container\">\n\t\t\t\t\t\t\t\t\t<div class=\"elementor-button-wrapper\">\n\t\t\t\t\t<a class=\"elementor-button elementor-button-link elementor-size-sm\" href=\"https:\/\/worknhuman.com\/en\/is-kazasi-sonrasi-destek\/\">\n\t\t\t\t\t\t<span class=\"elementor-button-content-wrapper\">\n\t\t\t\t\t\t<span class=\"elementor-button-icon\">\n\t\t\t\t<svg aria-hidden=\"true\" class=\"e-font-icon-svg e-fas-arrow-circle-right\" viewbox=\"0 0 512 512\" xmlns=\"http:\/\/www.w3.org\/2000\/svg\"><path d=\"M256 8c137 0 248 111 248 248S393 504 256 504 8 393 8 256 119 8 256 8zm-28.9 143.6l75.5 72.4H120c-13.3 0-24 10.7-24 24v16c0 13.3 10.7 24 24 24h182.6l-75.5 72.4c-9.7 9.3-9.9 24.8-.4 34.3l11 10.9c9.4 9.4 24.6 9.4 33.9 0L404.3 273c9.4-9.4 9.4-24.6 0-33.9L271.6 106.3c-9.4-9.4-24.6-9.4-33.9 0l-11 10.9c-9.5 9.6-9.3 25.1.4 34.4z\"><\/path><\/svg>\t\t\t<\/span>\n\t\t\t\t\t\t\t\t\t<span class=\"elementor-button-text\">Review<\/span>\n\t\t\t\t\t<\/span>\n\t\t\t\t\t<\/a>\n\t\t\t\t<\/div>\n\t\t\t\t\t\t\t\t<\/div>\n\t\t\t\t<\/div>\n\t\t\t\t<\/div>\n\t\t<div class=\"elementor-element elementor-element-1f691a2 e-con-full e-flex e-con e-child\" data-id=\"1f691a2\" data-element_type=\"container\">\n\t\t\t\t<div class=\"elementor-element elementor-element-10947064 elementor-position-top elementor-widget elementor-widget-image-box\" data-id=\"10947064\" data-element_type=\"widget\" data-widget_type=\"image-box.default\">\n\t\t\t\t<div class=\"elementor-widget-container\">\n\t\t\t\t\t<div class=\"elementor-image-box-wrapper\"><figure class=\"elementor-image-box-img\"><a href=\"https:\/\/worknhuman.com\/en\/psikolojik-guvenlik-liderlik-programi-2\/\" tabindex=\"-1\"><img decoding=\"async\" width=\"1600\" height=\"900\" src=\"https:\/\/worknhuman.com\/wp-content\/uploads\/2025\/12\/psikolojik-guvenlik-liderlik-programi.png\" class=\"elementor-animation-grow attachment-full size-full wp-image-14433\" alt=\"\" srcset=\"https:\/\/worknhuman.com\/wp-content\/uploads\/2025\/12\/psikolojik-guvenlik-liderlik-programi.png 1600w, https:\/\/worknhuman.com\/wp-content\/uploads\/2025\/12\/psikolojik-guvenlik-liderlik-programi-300x169.png 300w, https:\/\/worknhuman.com\/wp-content\/uploads\/2025\/12\/psikolojik-guvenlik-liderlik-programi-1024x576.png 1024w, https:\/\/worknhuman.com\/wp-content\/uploads\/2025\/12\/psikolojik-guvenlik-liderlik-programi-768x432.png 768w, https:\/\/worknhuman.com\/wp-content\/uploads\/2025\/12\/psikolojik-guvenlik-liderlik-programi-1536x864.png 1536w, https:\/\/worknhuman.com\/wp-content\/uploads\/2025\/12\/psikolojik-guvenlik-liderlik-programi-18x10.png 18w, https:\/\/worknhuman.com\/wp-content\/uploads\/2025\/12\/psikolojik-guvenlik-liderlik-programi-600x338.png 600w, https:\/\/worknhuman.com\/wp-content\/uploads\/2025\/12\/psikolojik-guvenlik-liderlik-programi-100x56.png 100w\" sizes=\"(max-width: 1600px) 100vw, 1600px\" \/><\/a><\/figure><div class=\"elementor-image-box-content\"><h4 class=\"elementor-image-box-title\"><a href=\"https:\/\/worknhuman.com\/en\/psikolojik-guvenlik-liderlik-programi-2\/\">Psikolojik G\u00fcvenlik ve Liderlik<\/a><\/h4><p class=\"elementor-image-box-description\">Psikolojik G\u00fcvenlik Liderlik Program\u0131, liderlik reflekslerini psikolojik g\u00fcvenlik oda\u011f\u0131nda geli\u015ftiren yap\u0131land\u0131r\u0131lm\u0131\u015f bir modeldir.\n<\/p><\/div><\/div>\t\t\t\t<\/div>\n\t\t\t\t<\/div>\n\t\t\t\t<div class=\"elementor-element elementor-element-62dab0c elementor-widget-divider--separator-type-pattern elementor-widget-divider--no-spacing elementor-widget-divider--view-line elementor-widget elementor-widget-divider\" data-id=\"62dab0c\" data-element_type=\"widget\" data-widget_type=\"divider.default\">\n\t\t\t\t<div class=\"elementor-widget-container\">\n\t\t\t\t\t\t\t<div class=\"elementor-divider\" style=\"--divider-pattern-url: url(&quot;data:image\/svg+xml,%3Csvg xmlns=&#039;http:\/\/www.w3.org\/2000\/svg&#039; preserveAspectRatio=&#039;xMidYMid meet&#039; overflow=&#039;visible&#039; height=&#039;100%&#039; viewBox=&#039;0 0 126 26&#039; fill=&#039;black&#039; stroke=&#039;none&#039;%3E%3Cpath d=&#039;M3,10.2c2.6,0,2.6,2,2.6,3.2S4.4,16.5,3,16.5s-3-1.4-3-3.2S0.4,10.2,3,10.2z M18.8,10.2c1.7,0,3.2,1.4,3.2,3.2s-1.4,3.2-3.2,3.2c-1.7,0-3.2-1.4-3.2-3.2S17,10.2,18.8,10.2z M34.6,10.2c1.5,0,2.6,1.4,2.6,3.2s-0.5,3.2-1.9,3.2c-1.5,0-3.4-1.4-3.4-3.2S33.1,10.2,34.6,10.2z M50.5,10.2c1.7,0,3.2,1.4,3.2,3.2s-1.4,3.2-3.2,3.2c-1.7,0-3.3-0.9-3.3-2.6S48.7,10.2,50.5,10.2z M66.2,10.2c1.5,0,3.4,1.4,3.4,3.2s-1.9,3.2-3.4,3.2c-1.5,0-2.6-0.4-2.6-2.1S64.8,10.2,66.2,10.2z M82.2,10.2c1.7,0.8,2.6,1.4,2.6,3.2s-0.1,3.2-1.6,3.2c-1.5,0-3.7-1.4-3.7-3.2S80.5,9.4,82.2,10.2zM98.6,10.2c1.5,0,2.6,0.4,2.6,2.1s-1.2,4.2-2.6,4.2c-1.5,0-3.7-0.4-3.7-2.1S97.1,10.2,98.6,10.2z M113.4,10.2c1.2,0,2.2,0.9,2.2,3.2s-0.1,3.2-1.3,3.2s-3.1-1.4-3.1-3.2S112.2,10.2,113.4,10.2z&#039;\/%3E%3C\/svg%3E&quot;);\">\n\t\t\t<span class=\"elementor-divider-separator\">\n\t\t\t\t\t\t<\/span>\n\t\t<\/div>\n\t\t\t\t\t\t<\/div>\n\t\t\t\t<\/div>\n\t\t\t\t<div class=\"elementor-element elementor-element-4f04f8f elementor-align-center elementor-widget elementor-widget-button\" data-id=\"4f04f8f\" data-element_type=\"widget\" data-widget_type=\"button.default\">\n\t\t\t\t<div class=\"elementor-widget-container\">\n\t\t\t\t\t\t\t\t\t<div class=\"elementor-button-wrapper\">\n\t\t\t\t\t<a class=\"elementor-button elementor-button-link elementor-size-sm\" href=\"https:\/\/worknhuman.com\/en\/psikolojik-guvenlik-liderlik-programi-2\/\">\n\t\t\t\t\t\t<span class=\"elementor-button-content-wrapper\">\n\t\t\t\t\t\t<span class=\"elementor-button-icon\">\n\t\t\t\t<svg aria-hidden=\"true\" class=\"e-font-icon-svg e-fas-arrow-circle-right\" viewbox=\"0 0 512 512\" xmlns=\"http:\/\/www.w3.org\/2000\/svg\"><path d=\"M256 8c137 0 248 111 248 248S393 504 256 504 8 393 8 256 119 8 256 8zm-28.9 143.6l75.5 72.4H120c-13.3 0-24 10.7-24 24v16c0 13.3 10.7 24 24 24h182.6l-75.5 72.4c-9.7 9.3-9.9 24.8-.4 34.3l11 10.9c9.4 9.4 24.6 9.4 33.9 0L404.3 273c9.4-9.4 9.4-24.6 0-33.9L271.6 106.3c-9.4-9.4-24.6-9.4-33.9 0l-11 10.9c-9.5 9.6-9.3 25.1.4 34.4z\"><\/path><\/svg>\t\t\t<\/span>\n\t\t\t\t\t\t\t\t\t<span class=\"elementor-button-text\">Review<\/span>\n\t\t\t\t\t<\/span>\n\t\t\t\t\t<\/a>\n\t\t\t\t<\/div>\n\t\t\t\t\t\t\t\t<\/div>\n\t\t\t\t<\/div>\n\t\t\t\t<\/div>\n\t\t\t\t<\/div>\n\t\t\t\t<\/div>\n\t\t<div class=\"elementor-element elementor-element-57a15385 e-flex e-con-boxed e-con e-parent\" data-id=\"57a15385\" data-element_type=\"container\">\n\t\t\t\t\t<div class=\"e-con-inner\">\n\t\t\t\t<div class=\"elementor-element elementor-element-61cedc71 elementor-widget elementor-widget-heading\" data-id=\"61cedc71\" data-element_type=\"widget\" data-widget_type=\"heading.default\">\n\t\t\t\t<div class=\"elementor-widget-container\">\n\t\t\t\t\t<h3 class=\"elementor-heading-title elementor-size-default\">Bizimle \u0130leti\u015fime Ge\u00e7in<\/h3>\t\t\t\t<\/div>\n\t\t\t\t<\/div>\n\t\t\t\t<div class=\"elementor-element elementor-element-4d440d7d elementor-widget elementor-widget-text-editor\" data-id=\"4d440d7d\" data-element_type=\"widget\" data-widget_type=\"text-editor.default\">\n\t\t\t\t<div class=\"elementor-widget-container\">\n\t\t\t\t\t\t\t\t\t<section class=\"elementor-section elementor-top-section elementor-element elementor-element-17b95992 elementor-section-boxed elementor-section-height-default elementor-section-height-default\" data-id=\"17b95992\" data-element_type=\"section\">\n<div class=\"elementor-container elementor-column-gap-no\">\n<div class=\"elementor-column elementor-col-100 elementor-top-column elementor-element elementor-element-3fa2789e\" data-id=\"3fa2789e\" data-element_type=\"column\">\n<div class=\"elementor-widget-wrap elementor-element-populated\">\n<div class=\"elementor-element elementor-element-4a4ff0bb elementor-widget elementor-widget-text-editor animated fadeIn\" data-id=\"4a4ff0bb\" data-element_type=\"widget\" data-settings=\"{&quot;_animation&quot;:&quot;fadeIn&quot;,&quot;_animation_delay&quot;:600}\" data-widget_type=\"text-editor.default\">\n<div class=\"elementor-widget-container\">\n<p>\u0130htiya\u00e7lar\u0131n\u0131z\u0131\u00a0g\u00f6zden ge\u00e7irelim ve sizin i\u00e7in tasarlayal\u0131m.<\/p>\n<\/div>\n<\/div>\n<\/div>\n<\/div>\n<\/div>\n<\/section>\n<section class=\"elementor-section elementor-top-section elementor-element elementor-element-30de8d7 elementor-section-boxed elementor-section-height-default elementor-section-height-default\" data-id=\"30de8d7\" data-element_type=\"section\">\n<div class=\"elementor-container elementor-column-gap-default\">\n<div class=\"elementor-column elementor-col-100 elementor-top-column elementor-element elementor-element-638cd9f7\" data-id=\"638cd9f7\" data-element_type=\"column\">\n<div class=\"elementor-widget-wrap elementor-element-populated\">\n<div class=\"elementor-element elementor-element-21691cfd elementor-widget elementor-widget-spacer\" data-id=\"21691cfd\" data-element_type=\"widget\" data-widget_type=\"spacer.default\">\n<div class=\"elementor-widget-container\">\n<div class=\"elementor-spacer\">\u00a0<\/div>\n<\/div>\n<\/div>\n<\/div>\n<\/div>\n<\/div>\n<\/section>\t\t\t\t\t\t\t\t<\/div>\n\t\t\t\t<\/div>\n\t\t\t\t<div class=\"elementor-element elementor-element-42721f6 elementor-widget elementor-widget-thim-ekits-contact-form-7\" data-id=\"42721f6\" data-element_type=\"widget\" data-widget_type=\"thim-ekits-contact-form-7.default\">\n\t\t\t\t<div class=\"elementor-widget-container\">\n\t\t\t\t\t\t\t\t<div class=\"thim-ekit-wpcf7\">\n\t\t\t\t\n<div class=\"wpcf7 no-js\" id=\"wpcf7-f2219-o1\" lang=\"tr-TR\" dir=\"ltr\" data-wpcf7-id=\"2219\">\n<div class=\"screen-reader-response\"><p role=\"status\" aria-live=\"polite\" aria-atomic=\"true\"><\/p> <ul><\/ul><\/div>\n<form action=\"\/en\/wp-json\/wp\/v2\/pages\/14339#wpcf7-f2219-o1\" method=\"post\" class=\"wpcf7-form init\" aria-label=\"\u0130leti\u015fim Formu\" novalidate=\"novalidate\" data-status=\"init\" data-trp-original-action=\"\/en\/wp-json\/wp\/v2\/pages\/14339#wpcf7-f2219-o1\">\n<fieldset class=\"hidden-fields-container\"><input type=\"hidden\" name=\"_wpcf7\" value=\"2219\" \/><input type=\"hidden\" name=\"_wpcf7_version\" value=\"6.1.5\" \/><input type=\"hidden\" name=\"_wpcf7_locale\" value=\"tr_TR\" \/><input type=\"hidden\" name=\"_wpcf7_unit_tag\" value=\"wpcf7-f2219-o1\" \/><input type=\"hidden\" name=\"_wpcf7_container_post\" value=\"0\" \/><input type=\"hidden\" name=\"_wpcf7_posted_data_hash\" value=\"\" \/><input type=\"hidden\" name=\"_wpcf7_recaptcha_response\" value=\"\" \/>\n<\/fieldset>\n<p><span class=\"wpcf7-form-control-wrap\" data-name=\"your-name\"><input size=\"40\" maxlength=\"400\" class=\"wpcf7-form-control wpcf7-text wpcf7-validates-as-required\" aria-required=\"true\" aria-invalid=\"false\" placeholder=\"Name *\" value=\"\" type=\"text\" name=\"your-name\" \/><\/span>\n<\/p>\n<p><span class=\"wpcf7-form-control-wrap\" data-name=\"your-email\"><input size=\"40\" maxlength=\"400\" class=\"wpcf7-form-control wpcf7-email wpcf7-validates-as-required wpcf7-text wpcf7-validates-as-email\" aria-required=\"true\" aria-invalid=\"false\" placeholder=\"Email *\" value=\"\" type=\"email\" name=\"your-email\" \/><\/span>\n<\/p>\n<p><span class=\"wpcf7-form-control-wrap\" data-name=\"your-phone\"><input size=\"40\" maxlength=\"400\" class=\"wpcf7-form-control wpcf7-tel wpcf7-validates-as-required wpcf7-text wpcf7-validates-as-tel\" aria-required=\"true\" aria-invalid=\"false\" placeholder=\"Telefon*\" value=\"\" type=\"tel\" name=\"your-phone\" \/><\/span>\n<\/p>\n<p><span class=\"wpcf7-form-control-wrap\" data-name=\"your-subject\"><input size=\"40\" maxlength=\"400\" class=\"wpcf7-form-control wpcf7-text wpcf7-validates-as-required\" aria-required=\"true\" aria-invalid=\"false\" placeholder=\"Subject *\" value=\"\" type=\"text\" name=\"your-subject\" \/><\/span>\n<\/p>\n<p><span class=\"wpcf7-form-control-wrap\" data-name=\"your-message\"><textarea cols=\"40\" rows=\"10\" maxlength=\"2000\" class=\"wpcf7-form-control wpcf7-textarea wpcf7-validates-as-required\" aria-required=\"true\" aria-invalid=\"false\" placeholder=\"Message *\" name=\"your-message\"><\/textarea><\/span>\n<\/p>\n<p><input class=\"wpcf7-form-control wpcf7-submit has-spinner\" type=\"submit\" value=\"Send\" \/>\n<\/p><div class=\"wpcf7-response-output\" aria-hidden=\"true\"><\/div>\n<input type=\"hidden\" name=\"trp-form-language\" value=\"en\"\/><\/form>\n<\/div>\n\t\t\t<\/div>\n\t\t\t\t\t\t<\/div>\n\t\t\t\t<\/div>\n\t\t\t\t\t<\/div>\n\t\t\t\t<\/div>\n\t\t\t\t<\/div>","protected":false},"excerpt":{"rendered":"<p>Psikolojik Sa\u011fl\u0131k ve G\u00fcvenlik \u00c7\u00f6z\u00fcmleri PSG Suites \u0130\u015fe G\u00fcvenle D\u00f6n \u00c7al\u0131\u015fanlar\u0131n i\u015f hayat\u0131na g\u00fcvenli ve sa\u011fl\u0131kl\u0131 \u015fekilde yeniden uyumunu destekleyen yap\u0131land\u0131r\u0131lm\u0131\u015f bir dan\u0131\u015fmanl\u0131k s\u00fcrecidir. \u0130ncele \u0130\u015f Kazas\u0131 Sonras\u0131 Destek \u0130\u015f &hellip; <\/p>","protected":false},"author":208,"featured_media":0,"parent":0,"menu_order":0,"comment_status":"closed","ping_status":"closed","template":"","meta":{"footnotes":""},"class_list":["post-14339","page","type-page","status-publish","hentry"],"_links":{"self":[{"href":"https:\/\/worknhuman.com\/en\/wp-json\/wp\/v2\/pages\/14339","targetHints":{"allow":["GET"]}}],"collection":[{"href":"https:\/\/worknhuman.com\/en\/wp-json\/wp\/v2\/pages"}],"about":[{"href":"https:\/\/worknhuman.com\/en\/wp-json\/wp\/v2\/types\/page"}],"author":[{"embeddable":true,"href":"https:\/\/worknhuman.com\/en\/wp-json\/wp\/v2\/users\/208"}],"replies":[{"embeddable":true,"href":"https:\/\/worknhuman.com\/en\/wp-json\/wp\/v2\/comments?post=14339"}],"version-history":[{"count":58,"href":"https:\/\/worknhuman.com\/en\/wp-json\/wp\/v2\/pages\/14339\/revisions"}],"predecessor-version":[{"id":14692,"href":"https:\/\/worknhuman.com\/en\/wp-json\/wp\/v2\/pages\/14339\/revisions\/14692"}],"wp:attachment":[{"href":"https:\/\/worknhuman.com\/en\/wp-json\/wp\/v2\/media?parent=14339"}],"curies":[{"name":"wp","href":"https:\/\/api.w.org\/{rel}","templated":true}]}}