{"id":10861,"date":"2023-10-04T11:03:08","date_gmt":"2023-10-04T08:03:08","guid":{"rendered":"https:\/\/worknhuman.com\/?page_id=10861"},"modified":"2023-10-05T12:21:37","modified_gmt":"2023-10-05T09:21:37","slug":"nevin-kucuk","status":"publish","type":"page","link":"https:\/\/worknhuman.com\/en\/nevin-kucuk\/","title":{"rendered":"NEV\u0130N K\u00dc\u00c7\u00dcK"},"content":{"rendered":"<div data-elementor-type=\"wp-page\" data-elementor-id=\"10861\" class=\"elementor elementor-10861\">\n\t\t\t\t<div class=\"elementor-element elementor-element-bfcc742 e-con-full e-flex e-con e-parent\" data-id=\"bfcc742\" data-element_type=\"container\" data-settings=\"{&quot;background_background&quot;:&quot;classic&quot;}\">\n\t\t<div class=\"elementor-element elementor-element-10b5f676 e-flex e-con-boxed e-con e-child\" data-id=\"10b5f676\" data-element_type=\"container\">\n\t\t\t\t\t<div class=\"e-con-inner\">\n\t\t<div class=\"elementor-element elementor-element-29f311d e-con-full e-flex e-con e-child\" data-id=\"29f311d\" data-element_type=\"container\">\n\t\t\t\t<div class=\"elementor-element elementor-element-d8c8537 elementor-widget elementor-widget-heading\" data-id=\"d8c8537\" data-element_type=\"widget\" data-widget_type=\"heading.default\">\n\t\t\t\t<div class=\"elementor-widget-container\">\n\t\t\t\t\t<h2 class=\"elementor-heading-title elementor-size-default\">Nevin K\u00fc\u00e7\u00fck<\/h2>\t\t\t\t<\/div>\n\t\t\t\t<\/div>\n\t\t\t\t<div class=\"elementor-element elementor-element-75bf770 elementor-widget elementor-widget-text-editor\" data-id=\"75bf770\" data-element_type=\"widget\" data-widget_type=\"text-editor.default\">\n\t\t\t\t<div class=\"elementor-widget-container\">\n\t\t\t\t\t\t\t\t\t<p><strong>Nevin K\u00fc\u00e7\u00fck; <\/strong><\/p><p>She is the founder and director of NHUMAN (worknhuman) and work\/organizational psychologist. She has worked in the fields of employee support, psychological first aid, trauma, psychosocial support, wellbeing, psychological health and safety both in T\u00fcrkiye and abroad and served as T\u00fcrkiye's Psychosocial delegate in Sri Lanka after the Tsunami in 2004.<\/p>\t\t\t\t\t\t\t\t<\/div>\n\t\t\t\t<\/div>\n\t\t\t\t<\/div>\n\t\t\t\t<div class=\"elementor-element elementor-element-3e0f661c elementor-widget__width-initial elementor-widget-mobile__width-inherit elementor-widget elementor-widget-image\" data-id=\"3e0f661c\" data-element_type=\"widget\" data-widget_type=\"image.default\">\n\t\t\t\t<div class=\"elementor-widget-container\">\n\t\t\t\t\t\t\t\t\t\t\t\t\t\t\t<img fetchpriority=\"high\" decoding=\"async\" width=\"640\" height=\"640\" src=\"https:\/\/worknhuman.com\/wp-content\/uploads\/2023\/10\/nevin-kucuk-nhuman-founder-1024x1024.png\" class=\"attachment-large size-large wp-image-10876\" alt=\"\" srcset=\"https:\/\/worknhuman.com\/wp-content\/uploads\/2023\/10\/nevin-kucuk-nhuman-founder-1024x1024.png 1024w, https:\/\/worknhuman.com\/wp-content\/uploads\/2023\/10\/nevin-kucuk-nhuman-founder-300x300.png 300w, https:\/\/worknhuman.com\/wp-content\/uploads\/2023\/10\/nevin-kucuk-nhuman-founder-150x150.png 150w, https:\/\/worknhuman.com\/wp-content\/uploads\/2023\/10\/nevin-kucuk-nhuman-founder-768x768.png 768w, https:\/\/worknhuman.com\/wp-content\/uploads\/2023\/10\/nevin-kucuk-nhuman-founder-12x12.png 12w, https:\/\/worknhuman.com\/wp-content\/uploads\/2023\/10\/nevin-kucuk-nhuman-founder-144x144.png 144w, https:\/\/worknhuman.com\/wp-content\/uploads\/2023\/10\/nevin-kucuk-nhuman-founder-600x600.png 600w, https:\/\/worknhuman.com\/wp-content\/uploads\/2023\/10\/nevin-kucuk-nhuman-founder-100x100.png 100w, https:\/\/worknhuman.com\/wp-content\/uploads\/2023\/10\/nevin-kucuk-nhuman-founder.png 1534w\" sizes=\"(max-width: 640px) 100vw, 640px\" \/>\t\t\t\t\t\t\t\t\t\t\t\t\t\t\t<\/div>\n\t\t\t\t<\/div>\n\t\t\t\t\t<\/div>\n\t\t\t\t<\/div>\n\t\t\t\t<\/div>\n\t\t<div class=\"elementor-element elementor-element-f240aec e-con-full e-flex e-con e-parent\" data-id=\"f240aec\" data-element_type=\"container\">\n\t\t\t\t<div class=\"elementor-element elementor-element-42fa009 elementor-widget elementor-widget-text-editor\" data-id=\"42fa009\" data-element_type=\"widget\" data-widget_type=\"text-editor.default\">\n\t\t\t\t<div class=\"elementor-widget-container\">\n\t\t\t\t\t\t\t\t\t<p>Currently, she is the founder of NHUMAN Consulting, where she works in the field of psychological health and safety, consulting and awareness raising in the public and private sectors to make Mental Health Practices at Work a part of Occupational Health and Safety (OHS) standards and human resources practices.<\/p><p><em>\u201c<\/em><em>NHUMAN is the first private sector organization established in T\u00fcrkiye to conduct methodological studies for the development of Psychological Health and Safety standards. Since its establishment, NHUMAN has been working in various partnerships to improve the working lives of all secure and precarious employees, to identify psychosocial risks related to occupational health and safety and to carry out preventive studies. Most recently, with the study titled \"Psychosocial Risk Analysis of Delivery Sector Workers with a Focus on Motorcycle Couriers\" conducted with the financial and technical support of the ILO (International Labor Organization) T\u00fcrkiye Office, it conducted its first sector-based research and presented it to the public.  The organization, which acts with the principles of \"Fairwork\" in its internal working order, is a supporter and business partner of the Oxford University Internet Institute Fairwork platform.\"<\/em><\/p><p>Nevin K\u00dc\u00c7\u00dcK continues to work as an expert \/ senior expert \/ principal investigator in national and international organizations such as ILO (International Labor Organization), Unicef, Oxford Internet Institute FAIRWORK platform.<\/p><p>Nevin K\u00dc\u00c7\u00dcK speaks sign language and was awarded the Philanthropy Fellowship by TUSEV (Third Sector Foundation of Turkey) in 2014 and is one of the first fellows in the field of Philanthropy in T\u00fcrkiye.<\/p>\t\t\t\t\t\t\t\t<\/div>\n\t\t\t\t<\/div>\n\t\t\t\t<\/div>\n\t\t\t\t<\/div>","protected":false},"excerpt":{"rendered":"<p>Nevin K\u00fc\u00e7\u00fck Nevin K\u00fc\u00e7\u00fck; NHUMAN (worknhuman) kurucusu ve y\u00f6neticisi, i\u015f ve \u00f6rg\u00fct psikolo\u011fudur. Bug\u00fcne kadar hem yurt i\u00e7inde hem yurt d\u0131\u015f\u0131nda \u00e7al\u0131\u015fana destek, psikolojik ilk yard\u0131m, travma, psikososyal destek, wellbeing, &hellip; <\/p>","protected":false},"author":1,"featured_media":0,"parent":0,"menu_order":0,"comment_status":"closed","ping_status":"closed","template":"","meta":{"footnotes":""},"class_list":["post-10861","page","type-page","status-publish","hentry"],"_links":{"self":[{"href":"https:\/\/worknhuman.com\/en\/wp-json\/wp\/v2\/pages\/10861","targetHints":{"allow":["GET"]}}],"collection":[{"href":"https:\/\/worknhuman.com\/en\/wp-json\/wp\/v2\/pages"}],"about":[{"href":"https:\/\/worknhuman.com\/en\/wp-json\/wp\/v2\/types\/page"}],"author":[{"embeddable":true,"href":"https:\/\/worknhuman.com\/en\/wp-json\/wp\/v2\/users\/1"}],"replies":[{"embeddable":true,"href":"https:\/\/worknhuman.com\/en\/wp-json\/wp\/v2\/comments?post=10861"}],"version-history":[{"count":10,"href":"https:\/\/worknhuman.com\/en\/wp-json\/wp\/v2\/pages\/10861\/revisions"}],"predecessor-version":[{"id":10898,"href":"https:\/\/worknhuman.com\/en\/wp-json\/wp\/v2\/pages\/10861\/revisions\/10898"}],"wp:attachment":[{"href":"https:\/\/worknhuman.com\/en\/wp-json\/wp\/v2\/media?parent=10861"}],"curies":[{"name":"wp","href":"https:\/\/api.w.org\/{rel}","templated":true}]}}